{"id":30304,"date":"2026-05-13T11:34:33","date_gmt":"2026-05-13T09:34:33","guid":{"rendered":"https:\/\/eurocarry.de\/?post_type=product&#038;p=30304"},"modified":"2026-05-13T14:48:18","modified_gmt":"2026-05-13T12:48:18","slug":"x-rack-skihalter-41520-passend-fuer-x-rack-box-xl","status":"publish","type":"product","link":"https:\/\/eurocarry.de\/en\/product-2\/x-rack-skihalter-41520-passend-fuer-x-rack-box-xl\/","title":{"rendered":"X-Rack Skihalter 41520, passend f\u00fcr X-Rack Box XL"},"content":{"rendered":"<p>Skihalter passend f\u00fcr X-Rack Box XL<br \/>\nf\u00fcr bis zu 4 Skier oder Snowboards<br \/>\nmit Befestigungsm\u00f6glichkeit<br \/>\nmit Gummimatte zur Rutschhemmung<br \/>\neinfache Montage und Demontage<\/p>\n<p>Daten: Eigengewicht 2kg<\/p>","protected":false},"excerpt":{"rendered":"<p>Skihalter passend f\u00fcr X-Rack Box XL f\u00fcr bis zu 4 Skier oder Snowboards mit Befestigungsm\u00f6glichkeit mit Gummimatte zur Rutschhemmung einfache Montage und Demontage Daten: Eigengewicht 2kg<\/p>","protected":false},"featured_media":30252,"comment_status":"closed","ping_status":"closed","template":"","meta":{"_acf_changed":false},"product_brand":[291],"product_cat":[15,285],"product_tag":[],"class_list":{"0":"post-30304","1":"product","2":"type-product","3":"status-publish","4":"has-post-thumbnail","6":"product_brand-eurocarry","7":"product_cat-alle-produkte","8":"product_cat-zubehoer","9":"product_shipping_class-kleinteile","11":"first","12":"instock","13":"taxable","14":"shipping-taxable","15":"purchasable","16":"product-type-simple"},"acf":[],"_links":{"self":[{"href":"https:\/\/eurocarry.de\/en\/wp-json\/wp\/v2\/product\/30304","targetHints":{"allow":["GET"]}}],"collection":[{"href":"https:\/\/eurocarry.de\/en\/wp-json\/wp\/v2\/product"}],"about":[{"href":"https:\/\/eurocarry.de\/en\/wp-json\/wp\/v2\/types\/product"}],"replies":[{"embeddable":true,"href":"https:\/\/eurocarry.de\/en\/wp-json\/wp\/v2\/comments?post=30304"}],"version-history":[{"count":1,"href":"https:\/\/eurocarry.de\/en\/wp-json\/wp\/v2\/product\/30304\/revisions"}],"predecessor-version":[{"id":30403,"href":"https:\/\/eurocarry.de\/en\/wp-json\/wp\/v2\/product\/30304\/revisions\/30403"}],"wp:featuredmedia":[{"embeddable":true,"href":"https:\/\/eurocarry.de\/en\/wp-json\/wp\/v2\/media\/30252"}],"wp:attachment":[{"href":"https:\/\/eurocarry.de\/en\/wp-json\/wp\/v2\/media?parent=30304"}],"wp:term":[{"taxonomy":"product_brand","embeddable":true,"href":"https:\/\/eurocarry.de\/en\/wp-json\/wp\/v2\/product_brand?post=30304"},{"taxonomy":"product_cat","embeddable":true,"href":"https:\/\/eurocarry.de\/en\/wp-json\/wp\/v2\/product_cat?post=30304"},{"taxonomy":"product_tag","embeddable":true,"href":"https:\/\/eurocarry.de\/en\/wp-json\/wp\/v2\/product_tag?post=30304"}],"curies":[{"name":"wp","href":"https:\/\/api.w.org\/{rel}","templated":true}]}}