{"id":30300,"date":"2026-05-13T11:23:53","date_gmt":"2026-05-13T09:23:53","guid":{"rendered":"https:\/\/eurocarry.de\/?post_type=product&#038;p=30300"},"modified":"2026-05-13T13:13:14","modified_gmt":"2026-05-13T11:13:14","slug":"x-rack-board-41700-bergeboardhalterung","status":"publish","type":"product","link":"https:\/\/eurocarry.de\/en\/product-2\/x-rack-board-41700-bergeboardhalterung\/","title":{"rendered":"X-Rack Board 41700, Bergeboardhalterung"},"content":{"rendered":"<p>passend f\u00fcr die g\u00e4ngigsten Boards<br \/>\nPosition am Grundrahmen beliebig w\u00e4hlbar<br \/>\nLieferumfang ohne Board<br \/>\neinfache Montage und Demontage<\/p>\n<p>Daten: Ma\u00dfe 250 x 250 x 370mm<br \/>\nEigengewicht 1,5kg (ohne Board)<\/p>","protected":false},"excerpt":{"rendered":"<p>passend f\u00fcr die g\u00e4ngigsten Boards Position am Grundrahmen beliebig w\u00e4hlbar Lieferumfang ohne Board einfache Montage und Demontage Daten: Ma\u00dfe 250 x 250 x 370mm Eigengewicht 1,5kg (ohne Board)<\/p>","protected":false},"featured_media":30236,"comment_status":"closed","ping_status":"closed","template":"","meta":{"_acf_changed":false},"product_brand":[],"product_cat":[15,285],"product_tag":[],"class_list":{"0":"post-30300","1":"product","2":"type-product","3":"status-publish","4":"has-post-thumbnail","6":"product_cat-alle-produkte","7":"product_cat-zubehoer","8":"product_shipping_class-kleinteile","10":"first","11":"instock","12":"taxable","13":"shipping-taxable","14":"purchasable","15":"product-type-simple"},"acf":[],"_links":{"self":[{"href":"https:\/\/eurocarry.de\/en\/wp-json\/wp\/v2\/product\/30300","targetHints":{"allow":["GET"]}}],"collection":[{"href":"https:\/\/eurocarry.de\/en\/wp-json\/wp\/v2\/product"}],"about":[{"href":"https:\/\/eurocarry.de\/en\/wp-json\/wp\/v2\/types\/product"}],"replies":[{"embeddable":true,"href":"https:\/\/eurocarry.de\/en\/wp-json\/wp\/v2\/comments?post=30300"}],"version-history":[{"count":1,"href":"https:\/\/eurocarry.de\/en\/wp-json\/wp\/v2\/product\/30300\/revisions"}],"predecessor-version":[{"id":30411,"href":"https:\/\/eurocarry.de\/en\/wp-json\/wp\/v2\/product\/30300\/revisions\/30411"}],"wp:featuredmedia":[{"embeddable":true,"href":"https:\/\/eurocarry.de\/en\/wp-json\/wp\/v2\/media\/30236"}],"wp:attachment":[{"href":"https:\/\/eurocarry.de\/en\/wp-json\/wp\/v2\/media?parent=30300"}],"wp:term":[{"taxonomy":"product_brand","embeddable":true,"href":"https:\/\/eurocarry.de\/en\/wp-json\/wp\/v2\/product_brand?post=30300"},{"taxonomy":"product_cat","embeddable":true,"href":"https:\/\/eurocarry.de\/en\/wp-json\/wp\/v2\/product_cat?post=30300"},{"taxonomy":"product_tag","embeddable":true,"href":"https:\/\/eurocarry.de\/en\/wp-json\/wp\/v2\/product_tag?post=30300"}],"curies":[{"name":"wp","href":"https:\/\/api.w.org\/{rel}","templated":true}]}}