{"id":30275,"date":"2026-05-13T11:28:42","date_gmt":"2026-05-13T09:28:42","guid":{"rendered":"https:\/\/eurocarry.de\/?post_type=product&#038;p=30275"},"modified":"2026-05-13T12:57:26","modified_gmt":"2026-05-13T10:57:26","slug":"x-rack-bike-lift-41200-vertikale-aufnahme-fuer-2-fahrraeder","status":"publish","type":"product","link":"https:\/\/eurocarry.de\/en\/product-2\/x-rack-bike-lift-41200-vertikale-aufnahme-fuer-2-fahrraeder\/","title":{"rendered":"X-Rack Bike Lift 41200, vertikale Aufnahme f\u00fcr 2 Fahrr\u00e4der"},"content":{"rendered":"<p>vertikale Aufnahme f\u00fcr 2 Fahrr\u00e4der<br \/>\nan beiden Seitenteilen montierbar<br \/>\ngeeignet f\u00fcr Fahrr\u00e4dergr\u00f6\u00dfe 22\u201c-29\u201c und Reifenbreite bis \u00d8100<br \/>\nkinderleichte Anhebung durch Gasdruckfederunterst\u00fctzung<br \/>\neinfache Befestigung am Grundrahmen<br \/>\nkeine zus. Teile wie Befestigungskrallen n\u00f6tig<br \/>\neinfache Montage und Demontage<\/p>\n<p>Daten: Zuladung 30kg pro Rad<br \/>\nMa\u00dfe 1700 x 590 x 200<br \/>\nEigengewicht 20kg<\/p>","protected":false},"excerpt":{"rendered":"<p>vertikale Aufnahme f\u00fcr 2 Fahrr\u00e4der an beiden Seitenteilen montierbar geeignet f\u00fcr Fahrr\u00e4dergr\u00f6\u00dfe 22\u201c-29\u201c und Reifenbreite bis \u00d8100 kinderleichte Anhebung durch Gasdruckfederunterst\u00fctzung einfache Befestigung am Grundrahmen keine zus. Teile wie Befestigungskrallen n\u00f6tig einfache Montage und Demontage Daten: Zuladung 30kg pro Rad Ma\u00dfe 1700 x 590 x 200 Eigengewicht 20kg<\/p>","protected":false},"featured_media":30261,"comment_status":"closed","ping_status":"closed","template":"","meta":{"_acf_changed":false},"product_brand":[291],"product_cat":[15,256,270,351],"product_tag":[],"class_list":{"0":"post-30275","1":"product","2":"type-product","3":"status-publish","4":"has-post-thumbnail","6":"product_brand-eurocarry","7":"product_cat-alle-produkte","8":"product_cat-fahrradtraeger","9":"product_cat-vw-crafter","10":"product_cat-mercedes-benz-sprinter","11":"product_shipping_class-sperrgut","13":"first","14":"instock","15":"taxable","16":"shipping-taxable","17":"purchasable","18":"product-type-simple"},"acf":[],"_links":{"self":[{"href":"https:\/\/eurocarry.de\/en\/wp-json\/wp\/v2\/product\/30275","targetHints":{"allow":["GET"]}}],"collection":[{"href":"https:\/\/eurocarry.de\/en\/wp-json\/wp\/v2\/product"}],"about":[{"href":"https:\/\/eurocarry.de\/en\/wp-json\/wp\/v2\/types\/product"}],"replies":[{"embeddable":true,"href":"https:\/\/eurocarry.de\/en\/wp-json\/wp\/v2\/comments?post=30275"}],"version-history":[{"count":1,"href":"https:\/\/eurocarry.de\/en\/wp-json\/wp\/v2\/product\/30275\/revisions"}],"predecessor-version":[{"id":30408,"href":"https:\/\/eurocarry.de\/en\/wp-json\/wp\/v2\/product\/30275\/revisions\/30408"}],"wp:featuredmedia":[{"embeddable":true,"href":"https:\/\/eurocarry.de\/en\/wp-json\/wp\/v2\/media\/30261"}],"wp:attachment":[{"href":"https:\/\/eurocarry.de\/en\/wp-json\/wp\/v2\/media?parent=30275"}],"wp:term":[{"taxonomy":"product_brand","embeddable":true,"href":"https:\/\/eurocarry.de\/en\/wp-json\/wp\/v2\/product_brand?post=30275"},{"taxonomy":"product_cat","embeddable":true,"href":"https:\/\/eurocarry.de\/en\/wp-json\/wp\/v2\/product_cat?post=30275"},{"taxonomy":"product_tag","embeddable":true,"href":"https:\/\/eurocarry.de\/en\/wp-json\/wp\/v2\/product_tag?post=30275"}],"curies":[{"name":"wp","href":"https:\/\/api.w.org\/{rel}","templated":true}]}}