{"id":29860,"date":"2026-03-04T15:47:20","date_gmt":"2026-03-04T14:47:20","guid":{"rendered":"https:\/\/eurocarry.de\/?post_type=product&#038;p=29860"},"modified":"2026-03-04T15:55:55","modified_gmt":"2026-03-04T14:55:55","slug":"quertraeger-dachreling-future-39260-fuer-reisemobile-und-alkovenfahrzeuge","status":"publish","type":"product","link":"https:\/\/eurocarry.de\/en\/product-2\/quertraeger-dachreling-future-39260-fuer-reisemobile-und-alkovenfahrzeuge\/","title":{"rendered":"Quertr\u00e4ger 32741 zur Dachreling Future"},"content":{"rendered":"<p>Satz Quertr\u00e4ger 32741 (2 St\u00fcck) zur Dachreling Future.<\/p>\n<p>Die 2,4 Meter langen Quertr\u00e4ger k\u00f6nnen nach Bedarf gek\u00fcrzt und stufenlos in die durchgehende Nut der EuroCarry Reling FUTURE eingeschoben werden. Mehrere EuroCarry Quertr\u00e4ger schaffen ein komplettes Traversensystem auf dem Dach. Die genormte Nut des Quertr\u00e4gers eignet sich zur Aufnahme von Tragsystemen wie z. B. Surfbretthalter, Solarmodule, &#8230;<\/p>\n<p>Verteilte Kraft: 100 kg \/ Tr\u00e4gerpaar<\/p>\n<p>Abmessung: L\u00e4nge 240 cm<\/p>","protected":false},"excerpt":{"rendered":"<p>Satz Quertr\u00e4ger 32741 (2 St\u00fcck) zur Dachreling Future. Die 2,4 Meter langen Quertr\u00e4ger k\u00f6nnen nach Bedarf gek\u00fcrzt und stufenlos in die durchgehende Nut der EuroCarry Reling FUTURE eingeschoben werden. Mehrere EuroCarry Quertr\u00e4ger schaffen ein komplettes Traversensystem auf dem Dach. Die genormte Nut des Quertr\u00e4gers eignet sich zur Aufnahme von Tragsystemen wie z. B. Surfbretthalter, Solarmodule, &#8230; Verteilte Kraft: 100 kg \/ Tr\u00e4gerpaar Abmessung: L\u00e4nge 240 cm<\/p>","protected":false},"featured_media":29862,"comment_status":"open","ping_status":"closed","template":"","meta":{"_acf_changed":false},"product_brand":[],"product_cat":[380],"product_tag":[],"class_list":{"0":"post-29860","1":"product","2":"type-product","3":"status-publish","4":"has-post-thumbnail","6":"product_cat-outlet","7":"product_shipping_class-sperrgut","9":"first","10":"instock","11":"sale","12":"taxable","13":"shipping-taxable","14":"purchasable","15":"product-type-simple"},"acf":[],"_links":{"self":[{"href":"https:\/\/eurocarry.de\/en\/wp-json\/wp\/v2\/product\/29860","targetHints":{"allow":["GET"]}}],"collection":[{"href":"https:\/\/eurocarry.de\/en\/wp-json\/wp\/v2\/product"}],"about":[{"href":"https:\/\/eurocarry.de\/en\/wp-json\/wp\/v2\/types\/product"}],"replies":[{"embeddable":true,"href":"https:\/\/eurocarry.de\/en\/wp-json\/wp\/v2\/comments?post=29860"}],"version-history":[{"count":0,"href":"https:\/\/eurocarry.de\/en\/wp-json\/wp\/v2\/product\/29860\/revisions"}],"wp:featuredmedia":[{"embeddable":true,"href":"https:\/\/eurocarry.de\/en\/wp-json\/wp\/v2\/media\/29862"}],"wp:attachment":[{"href":"https:\/\/eurocarry.de\/en\/wp-json\/wp\/v2\/media?parent=29860"}],"wp:term":[{"taxonomy":"product_brand","embeddable":true,"href":"https:\/\/eurocarry.de\/en\/wp-json\/wp\/v2\/product_brand?post=29860"},{"taxonomy":"product_cat","embeddable":true,"href":"https:\/\/eurocarry.de\/en\/wp-json\/wp\/v2\/product_cat?post=29860"},{"taxonomy":"product_tag","embeddable":true,"href":"https:\/\/eurocarry.de\/en\/wp-json\/wp\/v2\/product_tag?post=29860"}],"curies":[{"name":"wp","href":"https:\/\/api.w.org\/{rel}","templated":true}]}}