{"id":25695,"date":"2024-12-02T15:04:10","date_gmt":"2024-12-02T14:04:10","guid":{"rendered":"https:\/\/eurocarry.de\/?post_type=product&#038;p=25695"},"modified":"2026-02-24T15:33:39","modified_gmt":"2026-02-24T14:33:39","slug":"teleskopauszug","status":"publish","type":"product","link":"https:\/\/eurocarry.de\/en\/product-2\/teleskopauszug\/","title":{"rendered":"telescopic extension"},"content":{"rendered":"<p>Gep\u00e4ckbox mit Teleskopauszug f\u00fcr Unterflurstauram an Wohnmobilen.<br \/>\nTechnical data:<br \/>\n&#8211; Tiefe 1050 mm<br \/>\n&#8211; Breite ohne Teleskopauszug 684 mm<br \/>\n&#8211; Breite mit Teleskopauszug 730 mm<br \/>\n&#8211; H\u00f6he ohne Montagewinkel 215,5 mm<br \/>\n&#8211; H\u00f6he mit Montagewinkel 276 mm<br \/>\n&#8211; Auszugsl\u00e4nge 823 mm<br \/>\n&#8211; Traglast 120 kg pro Paar<br \/>\n&#8211; Eigengewicht ca. 20 kg<\/p>","protected":false},"excerpt":{"rendered":"<p>Gep\u00e4ckbox mit Teleskopauszug f\u00fcr Unterflurstauram an Wohnmobilen. Technische Daten: &#8211; Tiefe 1050 mm &#8211; Breite ohne Teleskopauszug 684 mm &#8211; Breite mit Teleskopauszug 730 mm &#8211; H\u00f6he ohne Montagewinkel 215,5 mm &#8211; H\u00f6he mit Montagewinkel 276 mm &#8211; Auszugsl\u00e4nge 823 mm &#8211; Traglast 120 kg pro Paar &#8211; Eigengewicht ca. 20 kg<\/p>","protected":false},"featured_media":25666,"comment_status":"open","ping_status":"closed","template":"","meta":{"_acf_changed":false},"product_brand":[],"product_cat":[380],"product_tag":[],"class_list":{"0":"post-25695","1":"product","2":"type-product","3":"status-publish","4":"has-post-thumbnail","6":"product_cat-outlet","8":"first","9":"instock","10":"sale","11":"taxable","12":"shipping-taxable","13":"purchasable","14":"product-type-simple"},"acf":[],"_links":{"self":[{"href":"https:\/\/eurocarry.de\/en\/wp-json\/wp\/v2\/product\/25695","targetHints":{"allow":["GET"]}}],"collection":[{"href":"https:\/\/eurocarry.de\/en\/wp-json\/wp\/v2\/product"}],"about":[{"href":"https:\/\/eurocarry.de\/en\/wp-json\/wp\/v2\/types\/product"}],"replies":[{"embeddable":true,"href":"https:\/\/eurocarry.de\/en\/wp-json\/wp\/v2\/comments?post=25695"}],"version-history":[{"count":0,"href":"https:\/\/eurocarry.de\/en\/wp-json\/wp\/v2\/product\/25695\/revisions"}],"wp:featuredmedia":[{"embeddable":true,"href":"https:\/\/eurocarry.de\/en\/wp-json\/wp\/v2\/media\/25666"}],"wp:attachment":[{"href":"https:\/\/eurocarry.de\/en\/wp-json\/wp\/v2\/media?parent=25695"}],"wp:term":[{"taxonomy":"product_brand","embeddable":true,"href":"https:\/\/eurocarry.de\/en\/wp-json\/wp\/v2\/product_brand?post=25695"},{"taxonomy":"product_cat","embeddable":true,"href":"https:\/\/eurocarry.de\/en\/wp-json\/wp\/v2\/product_cat?post=25695"},{"taxonomy":"product_tag","embeddable":true,"href":"https:\/\/eurocarry.de\/en\/wp-json\/wp\/v2\/product_tag?post=25695"}],"curies":[{"name":"wp","href":"https:\/\/api.w.org\/{rel}","templated":true}]}}