{"id":25693,"date":"2024-12-02T15:02:41","date_gmt":"2024-12-02T14:02:41","guid":{"rendered":"https:\/\/eurocarry.de\/?post_type=product&#038;p=25693"},"modified":"2026-03-10T14:39:18","modified_gmt":"2026-03-10T13:39:18","slug":"alkovenleiter","status":"publish","type":"product","link":"https:\/\/eurocarry.de\/en\/product-2\/alkovenleiter\/","title":{"rendered":"alcove ladder"},"content":{"rendered":"<p>Solide Aluminiumleiter mit 3 Stufen und zwei Einh\u00e4ngehaken f\u00fcr bequemen Einstieg ins Hubbett.<\/p>\n<p>Abmessung: H\u00f6he 1100 mm, Gesamtbreite 291 mm, Sprossenbreite 240 mm, Sprossentiefe 70 mm<\/p>","protected":false},"excerpt":{"rendered":"<p>Solide Aluminiumleiter mit 3 Stufen und zwei Einh\u00e4ngehaken f\u00fcr bequemen Einstieg ins Hubbett. Abmessung: H\u00f6he 1100 mm, Gesamtbreite 291 mm, Sprossenbreite 240 mm, Sprossentiefe 70 mm<\/p>","protected":false},"featured_media":25667,"comment_status":"open","ping_status":"closed","template":"","meta":{"_acf_changed":false},"product_brand":[],"product_cat":[380],"product_tag":[],"class_list":{"0":"post-25693","1":"product","2":"type-product","3":"status-publish","4":"has-post-thumbnail","6":"product_cat-outlet","8":"first","9":"instock","10":"sale","11":"taxable","12":"shipping-taxable","13":"purchasable","14":"product-type-simple"},"acf":[],"_links":{"self":[{"href":"https:\/\/eurocarry.de\/en\/wp-json\/wp\/v2\/product\/25693","targetHints":{"allow":["GET"]}}],"collection":[{"href":"https:\/\/eurocarry.de\/en\/wp-json\/wp\/v2\/product"}],"about":[{"href":"https:\/\/eurocarry.de\/en\/wp-json\/wp\/v2\/types\/product"}],"replies":[{"embeddable":true,"href":"https:\/\/eurocarry.de\/en\/wp-json\/wp\/v2\/comments?post=25693"}],"version-history":[{"count":0,"href":"https:\/\/eurocarry.de\/en\/wp-json\/wp\/v2\/product\/25693\/revisions"}],"wp:featuredmedia":[{"embeddable":true,"href":"https:\/\/eurocarry.de\/en\/wp-json\/wp\/v2\/media\/25667"}],"wp:attachment":[{"href":"https:\/\/eurocarry.de\/en\/wp-json\/wp\/v2\/media?parent=25693"}],"wp:term":[{"taxonomy":"product_brand","embeddable":true,"href":"https:\/\/eurocarry.de\/en\/wp-json\/wp\/v2\/product_brand?post=25693"},{"taxonomy":"product_cat","embeddable":true,"href":"https:\/\/eurocarry.de\/en\/wp-json\/wp\/v2\/product_cat?post=25693"},{"taxonomy":"product_tag","embeddable":true,"href":"https:\/\/eurocarry.de\/en\/wp-json\/wp\/v2\/product_tag?post=25693"}],"curies":[{"name":"wp","href":"https:\/\/api.w.org\/{rel}","templated":true}]}}