{"id":25691,"date":"2024-12-02T14:59:40","date_gmt":"2024-12-02T13:59:40","guid":{"rendered":"https:\/\/eurocarry.de\/?post_type=product&#038;p=25691"},"modified":"2026-03-30T10:06:03","modified_gmt":"2026-03-30T08:06:03","slug":"roof-rails-for-fiat-ducato-peugeot-boxer-citroen-jumper-from-2006","status":"publish","type":"product","link":"https:\/\/eurocarry.de\/en\/product-2\/roof-rails-for-fiat-ducato-peugeot-boxer-citroen-jumper-from-2006\/","title":{"rendered":"Roof rails suitable for Fiat Ducato\/Peugeot Boxer\/Citroen Jumper from 2006"},"content":{"rendered":"<p>Einfache Montage. Aerodynamische Formgebung. Keine Bohrarbeiten am Dach. Die Reling wird an den serienm\u00e4\u00dfig vorhandenen Aufnahmepunkten des Fahrzeugdaches angebracht. Hochwertige schwarz pulverbeschichtete Aluminiumausf\u00fchrung mit Kunststoff-Eckverbinder.<\/p>\n<p>An die Reling k\u00f6nnen EuroCarry Quertr\u00e4ger und Planken in beliebiger Anzahl verbaut werden.<\/p>\n<p>Quertr\u00e4ger, Gep\u00e4ckbox, Planken und Reserveradhalter optional erh\u00e4ltlich<\/p>\n<p>Au\u00dfenma\u00dfe: l: 360,0 cm, b: 167 cm<\/p>\n<p>Eigengewicht: ca. 10,0 kg<\/p>\n<p>Verteilte Zuladung: 100 kg auf 4 Quertr\u00e4ger gleichm\u00e4\u00dfig verteilt<\/p>","protected":false},"excerpt":{"rendered":"<p>Einfache Montage. Aerodynamische Formgebung. Keine Bohrarbeiten am Dach. Die Reling wird an den serienm\u00e4\u00dfig vorhandenen Aufnahmepunkten des Fahrzeugdaches angebracht. Hochwertige schwarz pulverbeschichtete Aluminiumausf\u00fchrung mit Kunststoff-Eckverbinder. An die Reling k\u00f6nnen EuroCarry Quertr\u00e4ger und Planken in beliebiger Anzahl verbaut werden. Quertr\u00e4ger, Gep\u00e4ckbox, Planken und Reserveradhalter optional erh\u00e4ltlich Au\u00dfenma\u00dfe: l: 360,0 cm, b: 167 cm Eigengewicht: ca. 10,0 kg Verteilte Zuladung: 100 kg auf 4 Quertr\u00e4ger gleichm\u00e4\u00dfig verteilt<\/p>","protected":false},"featured_media":25668,"comment_status":"open","ping_status":"closed","template":"","meta":{"_acf_changed":false},"product_brand":[],"product_cat":[380],"product_tag":[],"class_list":{"0":"post-25691","1":"product","2":"type-product","3":"status-publish","4":"has-post-thumbnail","6":"product_cat-outlet","8":"first","9":"instock","10":"sale","11":"taxable","12":"shipping-taxable","13":"purchasable","14":"product-type-simple"},"acf":[],"_links":{"self":[{"href":"https:\/\/eurocarry.de\/en\/wp-json\/wp\/v2\/product\/25691","targetHints":{"allow":["GET"]}}],"collection":[{"href":"https:\/\/eurocarry.de\/en\/wp-json\/wp\/v2\/product"}],"about":[{"href":"https:\/\/eurocarry.de\/en\/wp-json\/wp\/v2\/types\/product"}],"replies":[{"embeddable":true,"href":"https:\/\/eurocarry.de\/en\/wp-json\/wp\/v2\/comments?post=25691"}],"version-history":[{"count":0,"href":"https:\/\/eurocarry.de\/en\/wp-json\/wp\/v2\/product\/25691\/revisions"}],"wp:featuredmedia":[{"embeddable":true,"href":"https:\/\/eurocarry.de\/en\/wp-json\/wp\/v2\/media\/25668"}],"wp:attachment":[{"href":"https:\/\/eurocarry.de\/en\/wp-json\/wp\/v2\/media?parent=25691"}],"wp:term":[{"taxonomy":"product_brand","embeddable":true,"href":"https:\/\/eurocarry.de\/en\/wp-json\/wp\/v2\/product_brand?post=25691"},{"taxonomy":"product_cat","embeddable":true,"href":"https:\/\/eurocarry.de\/en\/wp-json\/wp\/v2\/product_cat?post=25691"},{"taxonomy":"product_tag","embeddable":true,"href":"https:\/\/eurocarry.de\/en\/wp-json\/wp\/v2\/product_tag?post=25691"}],"curies":[{"name":"wp","href":"https:\/\/api.w.org\/{rel}","templated":true}]}}