{"id":25687,"date":"2024-12-02T14:53:11","date_gmt":"2024-12-02T13:53:11","guid":{"rendered":"https:\/\/eurocarry.de\/?post_type=product&#038;p=25687"},"modified":"2026-02-24T15:33:39","modified_gmt":"2026-02-24T14:33:39","slug":"fahrradtraeger-klemmfix-fuer-anhaengekupplung","status":"publish","type":"product","link":"https:\/\/eurocarry.de\/en\/product-2\/fahrradtraeger-klemmfix-fuer-anhaengekupplung\/","title":{"rendered":"bicycle carrier Klemmfix for trailer hitch"},"content":{"rendered":"<p>Klemmfix &#8211; der praktische Fahrradtr\u00e4ger f\u00fcr die PKW Anh\u00e4ngekupplung. Mit wenigen Handgriffen l\u00e4sst sich der Klemmfix zusammenfalten und kann somit platzspared verstaut werden. Das zweiteilige System, bestehend aus Fahrradtr\u00e4ger und Beleuchtungseinheit \u00fcberzeugt durch seine einfache Handhabung.<br \/>\nLieferumfang: Fahrradhalter, Beleuchtung mit Kennzeichenhalter, Transportpolster, Spanngurte, Sicherungssplint<br \/>\nAbmessungen: 110x18x35 mm zusammengefaltet<br \/>\nEigengewicht: ca. 9,0 kg<br \/>\nmax. Belastung: ab 50 kg St\u00fctzlast max. 40 kg<\/p>","protected":false},"excerpt":{"rendered":"<p>Klemmfix &#8211; der praktische Fahrradtr\u00e4ger f\u00fcr die PKW Anh\u00e4ngekupplung. Mit wenigen Handgriffen l\u00e4sst sich der Klemmfix zusammenfalten und kann somit platzspared verstaut werden. Das zweiteilige System, bestehend aus Fahrradtr\u00e4ger und Beleuchtungseinheit \u00fcberzeugt durch seine einfache Handhabung. Lieferumfang: Fahrradhalter, Beleuchtung mit Kennzeichenhalter, Transportpolster, Spanngurte, Sicherungssplint Abmessungen: 110x18x35 mm zusammengefaltet Eigengewicht: ca. 9,0 kg max. Belastung: ab 50 kg St\u00fctzlast max. 40 kg<\/p>","protected":false},"featured_media":25672,"comment_status":"open","ping_status":"closed","template":"","meta":{"_acf_changed":false},"product_brand":[],"product_cat":[380],"product_tag":[],"class_list":{"0":"post-25687","1":"product","2":"type-product","3":"status-publish","4":"has-post-thumbnail","6":"product_cat-outlet","8":"first","9":"instock","10":"sale","11":"taxable","12":"shipping-taxable","13":"purchasable","14":"product-type-simple"},"acf":[],"_links":{"self":[{"href":"https:\/\/eurocarry.de\/en\/wp-json\/wp\/v2\/product\/25687","targetHints":{"allow":["GET"]}}],"collection":[{"href":"https:\/\/eurocarry.de\/en\/wp-json\/wp\/v2\/product"}],"about":[{"href":"https:\/\/eurocarry.de\/en\/wp-json\/wp\/v2\/types\/product"}],"replies":[{"embeddable":true,"href":"https:\/\/eurocarry.de\/en\/wp-json\/wp\/v2\/comments?post=25687"}],"version-history":[{"count":0,"href":"https:\/\/eurocarry.de\/en\/wp-json\/wp\/v2\/product\/25687\/revisions"}],"wp:featuredmedia":[{"embeddable":true,"href":"https:\/\/eurocarry.de\/en\/wp-json\/wp\/v2\/media\/25672"}],"wp:attachment":[{"href":"https:\/\/eurocarry.de\/en\/wp-json\/wp\/v2\/media?parent=25687"}],"wp:term":[{"taxonomy":"product_brand","embeddable":true,"href":"https:\/\/eurocarry.de\/en\/wp-json\/wp\/v2\/product_brand?post=25687"},{"taxonomy":"product_cat","embeddable":true,"href":"https:\/\/eurocarry.de\/en\/wp-json\/wp\/v2\/product_cat?post=25687"},{"taxonomy":"product_tag","embeddable":true,"href":"https:\/\/eurocarry.de\/en\/wp-json\/wp\/v2\/product_tag?post=25687"}],"curies":[{"name":"wp","href":"https:\/\/api.w.org\/{rel}","templated":true}]}}