{"id":23950,"date":"2024-05-29T15:44:23","date_gmt":"2024-05-29T13:44:23","guid":{"rendered":"https:\/\/eurocarry.de\/produkt\/montageschienensatz\/"},"modified":"2026-02-24T15:33:40","modified_gmt":"2026-02-24T14:33:40","slug":"montageschienensatz","status":"publish","type":"product","link":"https:\/\/eurocarry.de\/en\/product-2\/montageschienensatz\/","title":{"rendered":"Montageschienensatz f\u00fcr Renault Master 32853"},"content":{"rendered":"<h3>Montageschienensatz von EuroCarry \u2013 Ihr zuverl\u00e4ssiger Partner f\u00fcr Caravan-Zubeh\u00f6r<\/h3>\n<p>Der Montageschienensatz von EuroCarry ist die ideale L\u00f6sung f\u00fcr alle Caravan-Enthusiasten, die Wert auf Qualit\u00e4t und Funktionalit\u00e4t legen. Als etablierter Hersteller von Caravanzubeh\u00f6r bietet EuroCarry mit diesem Produkt eine robuste und vielseitige Befestigungsl\u00f6sung, die speziell f\u00fcr die Anforderungen von Reisemobilen und Wohnwagen entwickelt wurde.<\/p>\n<h3>Versatile applications<\/h3>\n<p>Der Montageschienensatz eignet sich zur Montage des Fahrradtr\u00e4gers Nuevo an einem Renault Master bzw. Opel Movano ab Bj. 2000 &#8211; 2010.<\/p>\n<ul>\n<li>Robuste Konstruktion f\u00fcr maximale Stabilit\u00e4t<\/li>\n<li>Einfache Montage und Demontage<\/li>\n<li>Kompatibel mit einer Vielzahl von Zubeh\u00f6rteilen<\/li>\n<\/ul>\n<h3>Hochwertige Materialien<\/h3>\n<p>EuroCarry setzt bei der Herstellung des Montageschienensatzes auf hochwertige Materialien, die Langlebigkeit und Zuverl\u00e4ssigkeit garantieren. Die Schienen sind aus korrosionsbest\u00e4ndigem Aluminium gefertigt und bieten somit optimalen Schutz vor Witterungseinfl\u00fcssen.<\/p>\n<ul>\n<li>Korrosionsbest\u00e4ndiges Aluminium<\/li>\n<li>Witterungsresistent und langlebig<\/li>\n<li>Leicht und dennoch extrem stabil<\/li>\n<\/ul>\n<h3>Einfache Installation<\/h3>\n<p>Die Installation des Montageschienensatzes erfolgt durch Aufkleben an der rechten Heckt\u00fcr.<\/p>\n<ul>\n<li>Kein spezielles Werkzeug erforderlich<\/li>\n<li>Schnelle und unkomplizierte Montage<\/li>\n<li>Flexible Anpassungsm\u00f6glichkeiten<\/li>\n<\/ul>\n<h3>Perfekte Erg\u00e4nzung f\u00fcr Ihr Caravan-Abenteuer<\/h3>\n<p>Mit dem Montageschienensatz von EuroCarry sind Sie bestens ausgestattet f\u00fcr Ihre n\u00e4chste Reise. Vertrauen Sie auf die Qualit\u00e4t und Erfahrung eines f\u00fchrenden Herstellers von Caravanzubeh\u00f6r und genie\u00dfen Sie unbeschwerte Tage unterwegs.&lt;\/<\/p>","protected":false},"excerpt":{"rendered":"<p><strong> Made in Germany<\/strong><\/p>\n<p><strong> Schnelle Lieferung<\/strong><\/p>\n<p><strong> Qualit\u00e4t vom Hersteller<\/strong><\/p>","protected":false},"featured_media":24955,"comment_status":"open","ping_status":"closed","template":"","meta":{"_acf_changed":false},"product_brand":[291],"product_cat":[15,285],"product_tag":[286],"class_list":{"0":"post-23950","1":"product","2":"type-product","3":"status-publish","4":"has-post-thumbnail","6":"product_brand-eurocarry","7":"product_cat-alle-produkte","8":"product_cat-zubehoer","9":"product_tag-zubehoer","10":"pa_besonderheit-die-montageschienen-master-sind-an-die-fahrzeugform-des-renault-master-und-opel-movano-angepasst-sie-werden-mit-sikaflex-an-der-hecktuere-verklebt-und-zusaetzlich-verschraubt","11":"pa_lieferumfang-2-montageschienen-mit-je-075-meter-laenge-8-nutensteine-und-befestigungsmaterial-kein-sikaflex","12":"pa_passend-fuer-renault-master-opel-movano","13":"pa_passend-fuer-fahrradtraeger-renault-master-opel-movano","15":"first","16":"instock","17":"taxable","18":"shipping-taxable","19":"purchasable","20":"product-type-simple"},"acf":[],"_links":{"self":[{"href":"https:\/\/eurocarry.de\/en\/wp-json\/wp\/v2\/product\/23950","targetHints":{"allow":["GET"]}}],"collection":[{"href":"https:\/\/eurocarry.de\/en\/wp-json\/wp\/v2\/product"}],"about":[{"href":"https:\/\/eurocarry.de\/en\/wp-json\/wp\/v2\/types\/product"}],"replies":[{"embeddable":true,"href":"https:\/\/eurocarry.de\/en\/wp-json\/wp\/v2\/comments?post=23950"}],"version-history":[{"count":0,"href":"https:\/\/eurocarry.de\/en\/wp-json\/wp\/v2\/product\/23950\/revisions"}],"wp:featuredmedia":[{"embeddable":true,"href":"https:\/\/eurocarry.de\/en\/wp-json\/wp\/v2\/media\/24955"}],"wp:attachment":[{"href":"https:\/\/eurocarry.de\/en\/wp-json\/wp\/v2\/media?parent=23950"}],"wp:term":[{"taxonomy":"product_brand","embeddable":true,"href":"https:\/\/eurocarry.de\/en\/wp-json\/wp\/v2\/product_brand?post=23950"},{"taxonomy":"product_cat","embeddable":true,"href":"https:\/\/eurocarry.de\/en\/wp-json\/wp\/v2\/product_cat?post=23950"},{"taxonomy":"product_tag","embeddable":true,"href":"https:\/\/eurocarry.de\/en\/wp-json\/wp\/v2\/product_tag?post=23950"}],"curies":[{"name":"wp","href":"https:\/\/api.w.org\/{rel}","templated":true}]}}