{"id":23923,"date":"2024-05-29T15:41:55","date_gmt":"2024-05-29T13:41:55","guid":{"rendered":"https:\/\/eurocarry.de\/produkt\/eurocarry-fahrradtraeger-comfort\/"},"modified":"2026-03-17T16:03:56","modified_gmt":"2026-03-17T15:03:56","slug":"eurocarry-fahrradtraeger-comfort","status":"publish","type":"product","link":"https:\/\/eurocarry.de\/en\/product-2\/eurocarry-fahrradtraeger-comfort\/","title":{"rendered":"EuroCarry bike rack Comfort \u2013 32352"},"content":{"rendered":"<p><strong>EuroCarry bike rack Comfort<\/strong><\/p>\n<p>Der EuroCarry Fahrradtr\u00e4ger Comfort ist die ideale L\u00f6sung f\u00fcr alle Caravan-Enthusiasten, die ihre Fahrr\u00e4der sicher und bequem mit auf Reisen nehmen m\u00f6chten. Als Teil der renommierten EuroCarry-Produktlinie, die f\u00fcr ihre hochwertigen Caravanzubeh\u00f6rteile bekannt ist, bietet dieser Fahrradtr\u00e4ger eine perfekte Kombination aus Funktionalit\u00e4t, Sicherheit und Komfort.<\/p>\n<p><strong>main features<\/strong><\/p>\n<ul>\n<li><strong>Robust construction:<\/strong> Hergestellt aus hochwertigen Materialien, die Langlebigkeit und Stabilit\u00e4t gew\u00e4hrleisten.<\/li>\n<li><strong>Easy installation:<\/strong> Der Fahrradtr\u00e4ger l\u00e4sst sich m\u00fchelos an Ihrem Caravan anbringen und wieder abnehmen.<\/li>\n<li><strong>Secure hold:<\/strong> Speziell entwickelte Halterungen sorgen daf\u00fcr, dass Ihre Fahrr\u00e4der w\u00e4hrend der Fahrt sicher und fest an ihrem Platz bleiben.<\/li>\n<li><strong>Platzsparendes Design:<\/strong> Der Tr\u00e4ger ist kompakt und l\u00e4sst sich bei Nichtgebrauch leicht verstauen.<\/li>\n<li><strong>Compatibility:<\/strong> Geeignet f\u00fcr eine Vielzahl von Fahrradtypen und -gr\u00f6\u00dfen.<\/li>\n<\/ul>\n<p><strong>Komfort und Sicherheit<\/strong><\/p>\n<p>Der EuroCarry Fahrradtr\u00e4ger Comfort wurde entwickelt, um Ihnen maximale Bequemlichkeit zu bieten. Dank der benutzerfreundlichen Konstruktion k\u00f6nnen Sie Ihre Fahrr\u00e4der schnell und ohne gro\u00dfen Aufwand befestigen. Die robusten Halterungen und Gurte sorgen daf\u00fcr, dass Ihre Fahrr\u00e4der auch auf unebenen Stra\u00dfen sicher transportiert werden.<\/p>\n<p><strong>Why EuroCarry?<\/strong><\/p>\n<p>EuroCarry ist ein etablierter Hersteller von Caravanzubeh\u00f6r und steht f\u00fcr Qualit\u00e4t und Zuverl\u00e4ssigkeit. Mit dem Fahrradtr\u00e4ger Comfort entscheiden Sie sich f\u00fcr ein Produkt, das auf die Bed\u00fcrfnisse von Caravan-Besitzern zugeschnitten ist und Ihnen erm\u00f6glicht, Ihre Fahrr\u00e4der sicher und komfortabel zu transportieren.<\/p>\n<p>Erleben Sie die Freiheit, Ihre Fahrr\u00e4der \u00fcberallhin mitzunehmen, und genie\u00dfen Sie unvergessliche Radtouren an Ihren Reisezielen mit dem EuroCarry Fahrradtr\u00e4ger Comfort.<\/p>","protected":false},"excerpt":{"rendered":"<p>Der EuroCarry Fahrradtr\u00e4ger Comfort ist die ideale L\u00f6sung f\u00fcr alle Caravan-Enthusiasten, die ihre Fahrr\u00e4der sicher und bequem mit auf Reisen nehmen m\u00f6chten.<\/p>","protected":false},"featured_media":25895,"comment_status":"open","ping_status":"closed","template":"","meta":{"_acf_changed":false},"product_brand":[291],"product_cat":[368,256,380],"product_tag":[282],"class_list":{"0":"post-23923","1":"product","2":"type-product","3":"status-publish","4":"has-post-thumbnail","6":"product_brand-eurocarry","7":"product_cat-caravan","8":"product_cat-fahrradtraeger","9":"product_cat-outlet","10":"product_tag-fahrradtraeger","11":"product_shipping_class-sperrgut","12":"pa_beladung-pedelecs-oder-e-bike-geeignet-max-2-stueck","13":"pa_eigengewicht-9-kg","14":"pa_lieferumfang-eloxiertes-aluminium-rohr-o-30-35-mm-2-aluminium-fahrradschienen-125-cm-lang-mit-je-2-radschalen-und-spanngurten-2-befestigungskrallen-inklusive-komplettem-montagematerial","15":"pa_max-zuladung-40-kg","17":"first","18":"instock","19":"sale","20":"taxable","21":"shipping-taxable","22":"purchasable","23":"product-type-simple"},"acf":[],"_links":{"self":[{"href":"https:\/\/eurocarry.de\/en\/wp-json\/wp\/v2\/product\/23923","targetHints":{"allow":["GET"]}}],"collection":[{"href":"https:\/\/eurocarry.de\/en\/wp-json\/wp\/v2\/product"}],"about":[{"href":"https:\/\/eurocarry.de\/en\/wp-json\/wp\/v2\/types\/product"}],"replies":[{"embeddable":true,"href":"https:\/\/eurocarry.de\/en\/wp-json\/wp\/v2\/comments?post=23923"}],"version-history":[{"count":0,"href":"https:\/\/eurocarry.de\/en\/wp-json\/wp\/v2\/product\/23923\/revisions"}],"wp:featuredmedia":[{"embeddable":true,"href":"https:\/\/eurocarry.de\/en\/wp-json\/wp\/v2\/media\/25895"}],"wp:attachment":[{"href":"https:\/\/eurocarry.de\/en\/wp-json\/wp\/v2\/media?parent=23923"}],"wp:term":[{"taxonomy":"product_brand","embeddable":true,"href":"https:\/\/eurocarry.de\/en\/wp-json\/wp\/v2\/product_brand?post=23923"},{"taxonomy":"product_cat","embeddable":true,"href":"https:\/\/eurocarry.de\/en\/wp-json\/wp\/v2\/product_cat?post=23923"},{"taxonomy":"product_tag","embeddable":true,"href":"https:\/\/eurocarry.de\/en\/wp-json\/wp\/v2\/product_tag?post=23923"}],"curies":[{"name":"wp","href":"https:\/\/api.w.org\/{rel}","templated":true}]}}