{"id":23913,"date":"2024-05-29T15:41:55","date_gmt":"2024-05-29T13:41:55","guid":{"rendered":"https:\/\/eurocarry.de\/produkt\/eurocarry-fahrradtraeger-5\/"},"modified":"2026-04-10T08:11:31","modified_gmt":"2026-04-10T06:11:31","slug":"eurocarry-fahrradtraeger-nuevo-2","status":"publish","type":"product","link":"https:\/\/eurocarry.de\/en\/product-2\/eurocarry-fahrradtraeger-nuevo-2\/","title":{"rendered":"EuroCarry bike rack Nuevo \u2013 30352"},"content":{"rendered":"<p><strong>EuroCarry bike rack Nuevo<\/strong><\/p>\n<p>Der EuroCarry Fahrradtr\u00e4ger Nuevo ist die ideale L\u00f6sung f\u00fcr alle Reisemobil-Enthusiasten, die ihre Fahrr\u00e4der sicher und bequem mit auf Reisen nehmen m\u00f6chten. Passend f\u00fcr alle Wohnmobile, Caravans, Renault Master Baujahr 2000-2010 oder Opel Movano Baujahr 2000-2010. Als Teil der renommierten EuroCarry-Produktlinie, die f\u00fcr hochwertiges Caravanzubeh\u00f6r bekannt ist, bietet dieser Fahrradtr\u00e4ger eine Kombination aus Robustheit, Benutzerfreundlichkeit und stilvollem Design.<\/p>\n<p><strong>main features<\/strong><\/p>\n<ul>\n<li><strong>Robust construction:<\/strong> Hergestellt aus hochwertigen Materialien, die Langlebigkeit und Stabilit\u00e4t gew\u00e4hrleisten.<\/li>\n<li><strong>Easy installation:<\/strong> Der Fahrradtr\u00e4ger l\u00e4sst sich schnell und unkompliziert an Ihrem Reisemobil anbringen.<\/li>\n<li><strong>Safe transport:<\/strong> Speziell entwickelte Halterungen und Gurte sorgen daf\u00fcr, dass Ihre Fahrr\u00e4der w\u00e4hrend der Fahrt sicher und fest an ihrem Platz bleiben.<\/li>\n<li><strong>Platzsparendes Design:<\/strong> Der Tr\u00e4ger ist kompakt und l\u00e4sst sich bei Nichtgebrauch leicht zusammenklappen und verstauen.<\/li>\n<li><strong>Versatility:<\/strong> Geeignet f\u00fcr verschiedene Fahrradtypen und -gr\u00f6\u00dfen, sodass Sie sowohl Mountainbikes als auch Citybikes problemlos transportieren k\u00f6nnen.<\/li>\n<\/ul>\n<p><strong>Why EuroCarry?<\/strong><\/p>\n<p>EuroCarry steht seit Jahren f\u00fcr Qualit\u00e4t und Innovation im Bereich Caravanzubeh\u00f6r. Mit dem Fahrradtr\u00e4ger Nuevo setzen Sie auf ein Produkt, das speziell f\u00fcr die Bed\u00fcrfnisse von Reisemobil-Besitzern entwickelt wurde. Vertrauen Sie auf die Erfahrung und das Know-how eines etablierten Herstellers und genie\u00dfen Sie Ihre Reisen mit dem guten Gef\u00fchl, dass Ihre Fahrr\u00e4der sicher und gesch\u00fctzt transportiert werden.<\/p>\n<p><strong>Conclusion<\/strong><\/p>\n<p>Der EuroCarry Fahrradtr\u00e4ger Nuevo ist die perfekte Wahl f\u00fcr alle, die Wert auf Qualit\u00e4t, Sicherheit und Benutzerfreundlichkeit legen. Machen Sie Ihre n\u00e4chste Reise noch angenehmer und sorgen Sie daf\u00fcr, dass Ihre Fahrr\u00e4der immer dabei sind \u2013 mit dem EuroCarry Fahrradtr\u00e4ger Nuevo.<\/p>","protected":false},"excerpt":{"rendered":"<p>Passend f\u00fcr alle Wohnmobile, Caravans, Renault Master Baujahr 2000-2010 oder Opel Movano Baujahr 2000-2010.<\/p>","protected":false},"featured_media":25874,"comment_status":"open","ping_status":"closed","template":"","meta":{"_acf_changed":false},"product_brand":[291],"product_cat":[256,380,355,359,367],"product_tag":[579],"class_list":{"0":"post-23913","1":"product","2":"type-product","3":"status-publish","4":"has-post-thumbnail","6":"product_brand-eurocarry","7":"product_cat-fahrradtraeger","8":"product_cat-outlet","9":"product_cat-opel-movano","10":"product_cat-renault-master","11":"product_cat-reisemobile","12":"product_tag-renault-master-opel-movano-caravan","13":"product_shipping_class-sperrgut","14":"pa_beladung-pedelecs-oder-e-bike-geeignet-max-2-stueck","15":"pa_eigengewicht-9-kg","16":"pa_lieferumfang-eloxiertes-aluminium-rohr-o-30-35-mm-2-aluminium-fahrradschienen-125-cm-lang-mit-je-2-radschalen-und-spanngurten-2-befestigungskrallen","17":"pa_max-zuladung-40-kg","19":"first","20":"instock","21":"sale","22":"taxable","23":"shipping-taxable","24":"purchasable","25":"product-type-simple"},"acf":[],"_links":{"self":[{"href":"https:\/\/eurocarry.de\/en\/wp-json\/wp\/v2\/product\/23913","targetHints":{"allow":["GET"]}}],"collection":[{"href":"https:\/\/eurocarry.de\/en\/wp-json\/wp\/v2\/product"}],"about":[{"href":"https:\/\/eurocarry.de\/en\/wp-json\/wp\/v2\/types\/product"}],"replies":[{"embeddable":true,"href":"https:\/\/eurocarry.de\/en\/wp-json\/wp\/v2\/comments?post=23913"}],"version-history":[{"count":0,"href":"https:\/\/eurocarry.de\/en\/wp-json\/wp\/v2\/product\/23913\/revisions"}],"wp:featuredmedia":[{"embeddable":true,"href":"https:\/\/eurocarry.de\/en\/wp-json\/wp\/v2\/media\/25874"}],"wp:attachment":[{"href":"https:\/\/eurocarry.de\/en\/wp-json\/wp\/v2\/media?parent=23913"}],"wp:term":[{"taxonomy":"product_brand","embeddable":true,"href":"https:\/\/eurocarry.de\/en\/wp-json\/wp\/v2\/product_brand?post=23913"},{"taxonomy":"product_cat","embeddable":true,"href":"https:\/\/eurocarry.de\/en\/wp-json\/wp\/v2\/product_cat?post=23913"},{"taxonomy":"product_tag","embeddable":true,"href":"https:\/\/eurocarry.de\/en\/wp-json\/wp\/v2\/product_tag?post=23913"}],"curies":[{"name":"wp","href":"https:\/\/api.w.org\/{rel}","templated":true}]}}