{"id":29405,"date":"2025-10-15T12:29:02","date_gmt":"2025-10-15T10:29:02","guid":{"rendered":"https:\/\/eurocarry.de\/?page_id=29405"},"modified":"2025-10-15T12:32:29","modified_gmt":"2025-10-15T10:32:29","slug":"informationspflicht-nach-art-13","status":"publish","type":"page","link":"https:\/\/eurocarry.de\/en\/informationspflicht-nach-art-13\/","title":{"rendered":"Informationspflicht nach Art. 13"},"content":{"rendered":"<div data-elementor-type=\"wp-page\" data-elementor-id=\"29405\" class=\"elementor elementor-29405\" data-elementor-post-type=\"page\">\n\t\t\t\t<div class=\"elementor-element elementor-element-3273fbf e-grid e-con-boxed e-con e-parent\" data-id=\"3273fbf\" data-element_type=\"container\" data-e-type=\"container\">\n\t\t\t\t\t<div class=\"e-con-inner\">\n\t\t\t\t<div class=\"elementor-element elementor-element-f42596b elementor-widget elementor-widget-tm-button\" data-id=\"f42596b\" data-element_type=\"widget\" data-e-type=\"widget\" data-widget_type=\"tm-button.default\">\n\t\t\t\t<div class=\"elementor-widget-container\">\n\t\t\t\t\t\t\t<a href=\"https:\/\/eurocarry.de\/wp-content\/uploads\/2025\/10\/Lieferanten_Art_13_Al.pdf\" target=\"_blank\" class=\"tm-button-link tm-button style-flat tm-button-nm\" role=\"button\">\n\n\t\t\t\t\t<div class=\"button-content-wrapper\">\n\t\t\t\n\t\t\t\t\t<div class=\"button-text\">\n\t\t\t\n\t\t\tDATENSCHUTZINFORMATION F\u00dcR LIEFERANTEN\n\t\t\t\n\t\t\t\t\t<\/div>\n\t\t\n\t\t\t\t\t<\/div>\n\t\t\n\t\t\t\t\t<\/a>\n\t\t\t\t\t\t<\/div>\n\t\t\t\t<\/div>\n\t\t\t\t<div class=\"elementor-element elementor-element-d7f201d elementor-widget elementor-widget-tm-button\" data-id=\"d7f201d\" data-element_type=\"widget\" data-e-type=\"widget\" data-widget_type=\"tm-button.default\">\n\t\t\t\t<div class=\"elementor-widget-container\">\n\t\t\t\t\t\t\t<a href=\"https:\/\/eurocarry.de\/wp-content\/uploads\/2025\/10\/Interessenten_Kunden__13_AL.pdf\" target=\"_blank\" class=\"tm-button-link tm-button style-flat tm-button-nm\" role=\"button\">\n\n\t\t\t\t\t<div class=\"button-content-wrapper\">\n\t\t\t\n\t\t\t\t\t<div class=\"button-text\">\n\t\t\t\n\t\t\tDATENSCHUTZINFORMATION F\u00dcR KUNDEN\n\t\t\t\n\t\t\t\t\t<\/div>\n\t\t\n\t\t\t\t\t<\/div>\n\t\t\n\t\t\t\t\t<\/a>\n\t\t\t\t\t\t<\/div>\n\t\t\t\t<\/div>\n\t\t\t\t<div class=\"elementor-element elementor-element-d1d1ce0 elementor-widget elementor-widget-tm-button\" data-id=\"d1d1ce0\" data-element_type=\"widget\" data-e-type=\"widget\" data-widget_type=\"tm-button.default\">\n\t\t\t\t<div class=\"elementor-widget-container\">\n\t\t\t\t\t\t\t<a href=\"https:\/\/eurocarry.de\/wp-content\/uploads\/2025\/10\/Datenschutzinformation_fuer_Bewerber_AL.pdf\" target=\"_blank\" class=\"tm-button-link tm-button style-flat tm-button-nm\" role=\"button\">\n\n\t\t\t\t\t<div class=\"button-content-wrapper\">\n\t\t\t\n\t\t\t\t\t<div class=\"button-text\">\n\t\t\t\n\t\t\tDATENSCHUTZINFORMATION F\u00dcR BEWERBER\n\t\t\t\n\t\t\t\t\t<\/div>\n\t\t\n\t\t\t\t\t<\/div>\n\t\t\n\t\t\t\t\t<\/a>\n\t\t\t\t\t\t<\/div>\n\t\t\t\t<\/div>\n\t\t\t\t\t<\/div>\n\t\t\t\t<\/div>\n\t\t\t\t<\/div>","protected":false},"excerpt":{"rendered":"<p>DATENSCHUTZINFORMATION F\u00dcR LIEFERANTEN DATENSCHUTZINFORMATION F\u00dcR KUNDEN DATENSCHUTZINFORMATION F\u00dcR BEWERBER<\/p>","protected":false},"author":2,"featured_media":0,"parent":0,"menu_order":0,"comment_status":"closed","ping_status":"closed","template":"","meta":{"_acf_changed":false,"footnotes":""},"class_list":["post-29405","page","type-page","status-publish","hentry","post-no-thumbnail"],"acf":[],"_links":{"self":[{"href":"https:\/\/eurocarry.de\/en\/wp-json\/wp\/v2\/pages\/29405","targetHints":{"allow":["GET"]}}],"collection":[{"href":"https:\/\/eurocarry.de\/en\/wp-json\/wp\/v2\/pages"}],"about":[{"href":"https:\/\/eurocarry.de\/en\/wp-json\/wp\/v2\/types\/page"}],"author":[{"embeddable":true,"href":"https:\/\/eurocarry.de\/en\/wp-json\/wp\/v2\/users\/2"}],"replies":[{"embeddable":true,"href":"https:\/\/eurocarry.de\/en\/wp-json\/wp\/v2\/comments?post=29405"}],"version-history":[{"count":0,"href":"https:\/\/eurocarry.de\/en\/wp-json\/wp\/v2\/pages\/29405\/revisions"}],"wp:attachment":[{"href":"https:\/\/eurocarry.de\/en\/wp-json\/wp\/v2\/media?parent=29405"}],"curies":[{"name":"wp","href":"https:\/\/api.w.org\/{rel}","templated":true}]}}