{"id":22952,"date":"2024-05-06T18:00:15","date_gmt":"2024-05-06T16:00:15","guid":{"rendered":"https:\/\/eurocarry.de\/?page_id=22952"},"modified":"2025-02-17T18:31:25","modified_gmt":"2025-02-17T17:31:25","slug":"zahlungsarten","status":"publish","type":"page","link":"https:\/\/eurocarry.de\/en\/zahlungsarten\/","title":{"rendered":"Payment Methods"},"content":{"rendered":"<p><strong>The invoice <\/strong><br>You will receive an invoice from us with your delivery. Please transfer the total amount to the account specified there.<\/p>\n\n\n\n<p><strong>Purchase on account PayPal <\/strong><br>When purchasing on account via PayPal, you will be redirected to the PayPal website during the ordering process.<\/p>\n\n\n\n<p><strong>Klarna <\/strong><br>When paying via Klarna, you have various options, including purchase on account and installment payments. Klarna guides you through the payment process.<\/p>\n\n\n\n<p><strong>Installment payment via Klarna <\/strong><br>If you choose to pay in installments via Klarna, you will be guided through the payment process and have the option to pay for your purchase in convenient installments.<\/p>\n\n\n\n<p><strong>Installment payment via PayPal <\/strong><br>When paying in installments via PayPal, you will be redirected to the PayPal website during the ordering process, where you will have the option to pay for the purchase in installments.<\/p>\n\n\n\n<p><strong>Instant bank transfer <\/strong><br>With Sofort\u00fcberweisung you can pay the amount directly during the ordering process via your online banking account.<\/p>\n\n\n\n<p><strong>Bank transfer (prepayment<\/strong> <br>If you pay by bank transfer\/prepayment, you will receive the information required to transfer the amount to our account in advance.<\/p>","protected":false},"excerpt":{"rendered":"<p>Rechnung Mit Ihrer Lieferung erhalten Sie eine Rechnung von uns. Bitte \u00fcberweisen Sie den Gesamtbetrag auf das dort angegebene Konto. Kauf auf Rechnung PayPal Beim Kauf auf Rechnung \u00fcber PayPal werden Sie w\u00e4hrend des Bestellvorgangs auf die PayPal-Website weitergeleitet. Klarna Bei der Zahlung \u00fcber Klarna haben Sie verschiedene Optionen, einschlie\u00dflich Kauf auf Rechnung und Ratenzahlung. Klarna f\u00fchrt Sie durch den Zahlungsvorgang. Ratenzahlung \u00fcber Klarna Bei Auswahl der Ratenzahlung \u00fcber Klarna werden Sie durch den Zahlungsvorgang gef\u00fchrt und haben die M\u00f6glichkeit, Ihren Kauf in bequemen Raten zu bezahlen. Ratenzahlung \u00fcber PayPal Bei der Ratenzahlung \u00fcber PayPal werden Sie w\u00e4hrend des Bestellvorgangs auf die PayPal-Website weitergeleitet, wo Sie die M\u00f6glichkeit haben, den Kauf in Raten zu bezahlen. Sofort\u00fcberweisung Mit Sofort\u00fcberweisung k\u00f6nnen Sie den Betrag direkt w\u00e4hrend des Bestellvorgangs \u00fcber Ihr Online-Banking-Konto bezahlen. Bank\u00fcberweisung\/Vorkasse Bei Zahlung per Bank\u00fcberweisung\/Vorkasse erhalten Sie die erforderlichen Informationen, um den Betrag vorab auf unser Konto zu \u00fcberweisen.<\/p>","protected":false},"author":1,"featured_media":0,"parent":0,"menu_order":0,"comment_status":"closed","ping_status":"closed","template":"","meta":{"_acf_changed":false,"footnotes":""},"class_list":["post-22952","page","type-page","status-publish","hentry","post-no-thumbnail"],"acf":[],"_links":{"self":[{"href":"https:\/\/eurocarry.de\/en\/wp-json\/wp\/v2\/pages\/22952","targetHints":{"allow":["GET"]}}],"collection":[{"href":"https:\/\/eurocarry.de\/en\/wp-json\/wp\/v2\/pages"}],"about":[{"href":"https:\/\/eurocarry.de\/en\/wp-json\/wp\/v2\/types\/page"}],"author":[{"embeddable":true,"href":"https:\/\/eurocarry.de\/en\/wp-json\/wp\/v2\/users\/1"}],"replies":[{"embeddable":true,"href":"https:\/\/eurocarry.de\/en\/wp-json\/wp\/v2\/comments?post=22952"}],"version-history":[{"count":0,"href":"https:\/\/eurocarry.de\/en\/wp-json\/wp\/v2\/pages\/22952\/revisions"}],"wp:attachment":[{"href":"https:\/\/eurocarry.de\/en\/wp-json\/wp\/v2\/media?parent=22952"}],"curies":[{"name":"wp","href":"https:\/\/api.w.org\/{rel}","templated":true}]}}