{"id":22949,"date":"2024-05-06T17:57:32","date_gmt":"2024-05-06T15:57:32","guid":{"rendered":"https:\/\/eurocarry.de\/?page_id=22949"},"modified":"2025-06-13T11:56:03","modified_gmt":"2025-06-13T09:56:03","slug":"versand-lieferung","status":"publish","type":"page","link":"https:\/\/eurocarry.de\/en\/versand-lieferung\/","title":{"rendered":"shipping"},"content":{"rendered":"<h2 class=\"wp-block-heading\">How is delivery done?<\/h2>\n\n\n\n<p>At <strong>EuroCarry<\/strong> Shipping within Germany is available for purchases over <strong>60 \u20ac<\/strong> free of charge. If the order value is less than this, the shipping fee is <strong>10,50 \u20ac<\/strong>For deliveries to Austria, <strong>20,50 \u20ac<\/strong> to Switzerland <strong>31,70 \u20ac<\/strong>, and for all other countries the shipping costs will be communicated on request. Please note that shipping from <strong>bike racks<\/strong> is always charged separately, regardless of the order value.<\/p>\n\n\n\n<h3 class=\"wp-block-heading\">When does my order arrive?<\/h3>\n\n\n\n<p>As soon as your package is shipped, you will receive a shipping confirmation by email.<\/p>\n\n\n\n<h3 class=\"wp-block-heading\">How long does delivery take?<\/h3>\n\n\n\n<p>Die Lieferzeit betr\u00e4gt in der Regel ca. 2 \u2013 4 Werktage. Der Versand via Spedition kann gegebenenfalls auch 5-7 Werktage dauern.<\/p>\n\n\n\n<h3 class=\"wp-block-heading\">Who bears the shipping costs?<\/h3>\n\n\n\n<p>Die Versandkosten \u00fcbernehmen wir f\u00fcr Sie, ab einem Einkaufswert von 60 EUR. Den Tarif f\u00fcr Kleinbestellungen entnehmen Sie bitte aus dem Bestellprozess.<br>You as the customer are responsible for the costs of return shipping.<\/p>","protected":false},"excerpt":{"rendered":"<p>Wie wird geliefert? Bei EuroCarry ist der Versand innerhalb Deutschlands ab einem Einkaufswert von 60 \u20ac kostenfrei. Liegt der Bestellwert darunter, betr\u00e4gt die Versandpauschale 10,50 \u20ac. F\u00fcr Lieferungen nach \u00d6sterreich fallen 20,50 \u20ac an, in die Schweiz 31,70 \u20ac, und f\u00fcr alle anderen L\u00e4nder werden die Versandkosten auf Anfrage mitgeteilt. Bitte beachten Sie, dass der Versand von Fahrradtr\u00e4gern immer separat berechnet wird, unabh\u00e4ngig vom Bestellwert. Wann kommt meine Bestellung an? Sobald Ihr Paket versendet wird, erhalten Sie eine Versandbest\u00e4tigung per E-Mail. Wie lange dauert der Versand? Die Lieferzeit betr\u00e4gt in der Regel ca. 2 \u2013 4 Werktage. Der Versand via Spedition kann gegebenenfalls auch 5-7 Werktage dauern. Wer tr\u00e4gt die Kosten des Versandes? Die Versandkosten \u00fcbernehmen wir f\u00fcr Sie, ab einem Einkaufswert von 60 EUR. Den Tarif f\u00fcr Kleinbestellungen entnehmen Sie bitte aus dem Bestellprozess.Die Kosten f\u00fcr einen R\u00fcckversand tragen Sie als Kunde selbst.<\/p>","protected":false},"author":1,"featured_media":0,"parent":0,"menu_order":0,"comment_status":"closed","ping_status":"closed","template":"","meta":{"_acf_changed":false,"footnotes":""},"class_list":["post-22949","page","type-page","status-publish","hentry","post-no-thumbnail"],"acf":[],"_links":{"self":[{"href":"https:\/\/eurocarry.de\/en\/wp-json\/wp\/v2\/pages\/22949","targetHints":{"allow":["GET"]}}],"collection":[{"href":"https:\/\/eurocarry.de\/en\/wp-json\/wp\/v2\/pages"}],"about":[{"href":"https:\/\/eurocarry.de\/en\/wp-json\/wp\/v2\/types\/page"}],"author":[{"embeddable":true,"href":"https:\/\/eurocarry.de\/en\/wp-json\/wp\/v2\/users\/1"}],"replies":[{"embeddable":true,"href":"https:\/\/eurocarry.de\/en\/wp-json\/wp\/v2\/comments?post=22949"}],"version-history":[{"count":0,"href":"https:\/\/eurocarry.de\/en\/wp-json\/wp\/v2\/pages\/22949\/revisions"}],"wp:attachment":[{"href":"https:\/\/eurocarry.de\/en\/wp-json\/wp\/v2\/media?parent=22949"}],"curies":[{"name":"wp","href":"https:\/\/api.w.org\/{rel}","templated":true}]}}