{"id":22904,"date":"2024-05-06T17:44:59","date_gmt":"2024-05-06T15:44:59","guid":{"rendered":"https:\/\/eurocarry.de\/?page_id=22904"},"modified":"2025-02-17T18:31:23","modified_gmt":"2025-02-17T17:31:23","slug":"impressum","status":"publish","type":"page","link":"https:\/\/eurocarry.de\/en\/impressum\/","title":{"rendered":"imprint"},"content":{"rendered":"<p><strong>ALU-LINE metal processing company mbH<\/strong><\/p>\n\n\n\n<p>Company headquarters: Bad Saulgau<\/p>\n\n\n\n<p><strong>Managing Director:<\/strong><br>Alfons Zimmerer, Florian Zimmerer<br>Martin-Staud-Strasse 25<br>88348 Bad Saulgau<br>Germany<\/p>\n\n\n\n<p><strong>Responsible for the content according to \u00a75 TMG\/$55 RStV:<\/strong><br>Alfons Zimmerer, Florian Zimmerer<br>Martin-Staud-Strasse 25<br>88348 Bad Saulgau<br>Germany<\/p>\n\n\n\n<p><strong>Phone: <\/strong>+49(0)7581\/92091-0<br><strong>Fax: <\/strong>+49(0)7581\/92091-20<\/p>\n\n\n\n<p><strong>E-mail:<\/strong> info(at)alu-line.de<br><strong>Internet:<\/strong> https:\/\/www.alu-line.de\/<br><strong>Webshop:<\/strong> <a href=\"https:\/\/www.alu-line.de\/\" target=\"_blank\" rel=\"noopener\">https:\/\/www.eurocarry.de\/<\/a><\/p>\n\n\n\n<p>Registration court: Ulm District Court<br>Registration number: HRB 560299<br>VAT identification number according to \u00a7 27a<br>Sales Tax Law: DE 146 608 548<\/p>\n\n\n\n<h3 class=\"wp-block-heading\">Alternative dispute resolution according to Art. 14 Para. 1 ODR-VO and Section 36 VSBG:<\/h3>\n\n\n\n<p>The European Commission provides a platform for online dispute resolution (ODR), which you can find at&nbsp;<a href=\"https:\/\/ec.europa.eu\/consumers\/odr\" target=\"_blank\" rel=\"noreferrer noopener\">https:\/\/ec.europa.eu\/consumers\/odr<\/a>&nbsp;We are neither obliged nor willing to participate in a dispute resolution procedure before a consumer arbitration board.<\/p>\n\n\n<div class=\"woocommerce woocommerce-gzd woocommerce-gzd-complaints-shortcode\">\n\t\t\t<h3>Alternative Dispute Resolution in accordance with Art. 14 (1) ODR-VO and \u00a7 36 VSBG:<\/h3>\n\t\nZur Teilnahme an einem Streitbeilegungsverfahren vor einer Verbraucherschlichtungsstelle sind wir nicht verpflichtet und nicht bereit.<\/div>","protected":false},"excerpt":{"rendered":"<p>ALU-LINE Metallverarbeitungsgesellschaft mbH Unternehmenssitz: Bad Saulgau Gesch\u00e4ftsf\u00fchrer:Alfons Zimmerer, Florian ZimmererMartin-Staud-Stra\u00dfe 2588348 Bad SaulgauDeutschland Verantwortlich f\u00fcr den Inhalt nach \u00a75 TMG\/$55 RStV:Alfons Zimmerer, Florian ZimmererMartin-Staud-Stra\u00dfe 2588348 Bad SaulgauDeutschland Telefon: +49(0)7581\/92091-0Telefax: +49(0)7581\/92091-20 Email: info(at)alu-line.deInternet: https:\/\/www.alu-line.de\/Webshop: https:\/\/www.eurocarry.de\/ Registergericht: Amtsgericht UlmRegisternummer: HRB 560299Umsatzsteuer-Identifikationsnummer gem\u00e4\u00df \u00a7 27aUmsatzsteuergesetz: DE 146 608 548 Alternative Streitbeilegung gem\u00e4\u00df Art. 14 Abs. 1 ODR-VO und \u00a7 36 VSBG: Die Europ\u00e4ische Kommission stellt eine Plattform zur Online-Streitbeilegung (OS) bereit, die du unter&nbsp;https:\/\/ec.europa.eu\/consumers\/odr&nbsp;findest. Zur Teilnahme an einem Streitbeilegungsverfahren vor einer Verbraucherschlichtungsstelle sind wir nicht verpflichtet und nicht bereit.<\/p>","protected":false},"author":1,"featured_media":0,"parent":0,"menu_order":0,"comment_status":"closed","ping_status":"closed","template":"","meta":{"_acf_changed":false,"footnotes":""},"class_list":["post-22904","page","type-page","status-publish","hentry","post-no-thumbnail"],"acf":[],"_links":{"self":[{"href":"https:\/\/eurocarry.de\/en\/wp-json\/wp\/v2\/pages\/22904","targetHints":{"allow":["GET"]}}],"collection":[{"href":"https:\/\/eurocarry.de\/en\/wp-json\/wp\/v2\/pages"}],"about":[{"href":"https:\/\/eurocarry.de\/en\/wp-json\/wp\/v2\/types\/page"}],"author":[{"embeddable":true,"href":"https:\/\/eurocarry.de\/en\/wp-json\/wp\/v2\/users\/1"}],"replies":[{"embeddable":true,"href":"https:\/\/eurocarry.de\/en\/wp-json\/wp\/v2\/comments?post=22904"}],"version-history":[{"count":0,"href":"https:\/\/eurocarry.de\/en\/wp-json\/wp\/v2\/pages\/22904\/revisions"}],"wp:attachment":[{"href":"https:\/\/eurocarry.de\/en\/wp-json\/wp\/v2\/media?parent=22904"}],"curies":[{"name":"wp","href":"https:\/\/api.w.org\/{rel}","templated":true}]}}