{"id":30297,"date":"2026-05-13T11:26:23","date_gmt":"2026-05-13T09:26:23","guid":{"rendered":"https:\/\/eurocarry.de\/?post_type=product&#038;p=30297"},"modified":"2026-05-13T11:43:02","modified_gmt":"2026-05-13T09:43:02","slug":"x-rack-base-41000-grundrahmen-links-und-rechts-mb-sprinter-ab-2006-vw-crafter-ab-2006-2015","status":"publish","type":"product","link":"https:\/\/eurocarry.de\/de_de\/produkt\/x-rack-base-41000-grundrahmen-links-und-rechts-mb-sprinter-ab-2006-vw-crafter-ab-2006-2015\/","title":{"rendered":"X-Rack Base 41000, Grundrahmen links und rechts, &#8211; MB Sprinter ab 2006 &#8211; VW Crafter ab 2006 &#8211; 2015"},"content":{"rendered":"<p>stabiler und leichter 2-teiliger Grundrahmen f\u00fcr die linke und rechte T\u00fcr<br \/>\nVerschluss durch selbstrastendes System \u2013 abschlie\u00dfbar<br \/>\ninkl. Montageschiene f\u00fcr T\u00fcr zur Montage eines Abstandshalters auf der Innenseite<br \/>\nAu\u00dfenrahmen Rundrohr \u00d842; Streben Ovalrohr 60&#215;40 mit Schl\u00fcssellochung<br \/>\nTritte zum Erreichen des Daches\/ Verzurren von Anbauteilen<br \/>\nmodulare Aufnahme f\u00fcr Anbauteile wie Fahrradtr\u00e4ger, Boxen, Reserveradhalter und Bergeboardhalter<br \/>\nerf\u00fcllt die Anforderungen zur Zulassung als Fahrzeugteil<br \/>\neinfache Montage an den T\u00fcrscharnieren<\/p>\n<p>Daten: Zuladung max. 80kg pro Seite<br \/>\nMa\u00dfe 1566 x 220 x 1560mm<br \/>\nEigengewicht links und rechts zusammen 18kg<\/p>\n","protected":false},"excerpt":{"rendered":"<p>stabiler und leichter 2-teiliger Grundrahmen f\u00fcr die linke und rechte T\u00fcr Verschluss durch selbstrastendes System \u2013 abschlie\u00dfbar inkl. Montageschiene f\u00fcr T\u00fcr zur Montage eines Abstandshalters auf der Innenseite Au\u00dfenrahmen Rundrohr \u00d842; Streben Ovalrohr 60&#215;40 mit Schl\u00fcssellochung Tritte zum Erreichen des Daches\/ Verzurren von Anbauteilen modulare Aufnahme f\u00fcr Anbauteile wie Fahrradtr\u00e4ger, Boxen, Reserveradhalter und Bergeboardhalter erf\u00fcllt die Anforderungen zur Zulassung als Fahrzeugteil einfache Montage an den T\u00fcrscharnieren Daten: Zuladung max. 80kg pro Seite Ma\u00dfe 1566 x 220 x 1560mm Eigengewicht links und rechts zusammen 18kg<\/p>\n","protected":false},"featured_media":30260,"comment_status":"closed","ping_status":"closed","template":"","meta":{"_acf_changed":false},"product_brand":[],"product_cat":[15,270,351,613],"product_tag":[],"class_list":{"0":"post-30297","1":"product","2":"type-product","3":"status-publish","4":"has-post-thumbnail","6":"product_cat-alle-produkte","7":"product_cat-vw-crafter","8":"product_cat-mercedes-benz-sprinter","9":"product_cat-x-rack-base","10":"product_shipping_class-sperrgut","12":"first","13":"instock","14":"taxable","15":"shipping-taxable","16":"purchasable","17":"product-type-simple"},"acf":[],"_links":{"self":[{"href":"https:\/\/eurocarry.de\/de_de\/wp-json\/wp\/v2\/product\/30297","targetHints":{"allow":["GET"]}}],"collection":[{"href":"https:\/\/eurocarry.de\/de_de\/wp-json\/wp\/v2\/product"}],"about":[{"href":"https:\/\/eurocarry.de\/de_de\/wp-json\/wp\/v2\/types\/product"}],"replies":[{"embeddable":true,"href":"https:\/\/eurocarry.de\/de_de\/wp-json\/wp\/v2\/comments?post=30297"}],"version-history":[{"count":0,"href":"https:\/\/eurocarry.de\/de_de\/wp-json\/wp\/v2\/product\/30297\/revisions"}],"wp:featuredmedia":[{"embeddable":true,"href":"https:\/\/eurocarry.de\/de_de\/wp-json\/wp\/v2\/media\/30260"}],"wp:attachment":[{"href":"https:\/\/eurocarry.de\/de_de\/wp-json\/wp\/v2\/media?parent=30297"}],"wp:term":[{"taxonomy":"product_brand","embeddable":true,"href":"https:\/\/eurocarry.de\/de_de\/wp-json\/wp\/v2\/product_brand?post=30297"},{"taxonomy":"product_cat","embeddable":true,"href":"https:\/\/eurocarry.de\/de_de\/wp-json\/wp\/v2\/product_cat?post=30297"},{"taxonomy":"product_tag","embeddable":true,"href":"https:\/\/eurocarry.de\/de_de\/wp-json\/wp\/v2\/product_tag?post=30297"}],"curies":[{"name":"wp","href":"https:\/\/api.w.org\/{rel}","templated":true}]}}