{"id":30294,"date":"2026-05-13T11:33:38","date_gmt":"2026-05-13T09:33:38","guid":{"rendered":"https:\/\/eurocarry.de\/?post_type=product&#038;p=30294"},"modified":"2026-05-13T12:52:58","modified_gmt":"2026-05-13T10:52:58","slug":"x-rack-box-xl-41501-abmessung-705x450x1800-mm","status":"publish","type":"product","link":"https:\/\/eurocarry.de\/de_de\/produkt\/x-rack-box-xl-41501-abmessung-705x450x1800-mm\/","title":{"rendered":"X-Rack Box XL 41501, Abmessung 705x450x1800 mm"},"content":{"rendered":"<p>leichte und stabile Alu-Box passend f\u00fcr das X-Rack System<br \/>\npassend f\u00fcr Euroboxen 600 x 400<br \/>\nabschlie\u00dfbar<br \/>\nlinks-\/ alternativ rechts\u00f6ffnend<br \/>\nSpritzwassergesch\u00fctzt<br \/>\neinfache Montage und Demontage<\/p>\n<p>Daten: Zuladung 45kg<br \/>\nMa\u00dfe 705 x 450 x 1800<br \/>\nEigengewicht 35kg (ohne Regal\/ Ausz\u00fcge)<\/p>\n","protected":false},"excerpt":{"rendered":"<p>leichte und stabile Alu-Box passend f\u00fcr das X-Rack System passend f\u00fcr Euroboxen 600 x 400 abschlie\u00dfbar links-\/ alternativ rechts\u00f6ffnend Spritzwassergesch\u00fctzt einfache Montage und Demontage Daten: Zuladung 45kg Ma\u00dfe 705 x 450 x 1800 Eigengewicht 35kg (ohne Regal\/ Ausz\u00fcge)<\/p>\n","protected":false},"featured_media":30248,"comment_status":"closed","ping_status":"closed","template":"","meta":{"_acf_changed":false},"product_brand":[],"product_cat":[15,285],"product_tag":[],"class_list":{"0":"post-30294","1":"product","2":"type-product","3":"status-publish","4":"has-post-thumbnail","6":"product_cat-alle-produkte","7":"product_cat-zubehoer","8":"product_shipping_class-sperrgut","10":"first","11":"instock","12":"taxable","13":"shipping-taxable","14":"purchasable","15":"product-type-simple"},"acf":[],"_links":{"self":[{"href":"https:\/\/eurocarry.de\/de_de\/wp-json\/wp\/v2\/product\/30294","targetHints":{"allow":["GET"]}}],"collection":[{"href":"https:\/\/eurocarry.de\/de_de\/wp-json\/wp\/v2\/product"}],"about":[{"href":"https:\/\/eurocarry.de\/de_de\/wp-json\/wp\/v2\/types\/product"}],"replies":[{"embeddable":true,"href":"https:\/\/eurocarry.de\/de_de\/wp-json\/wp\/v2\/comments?post=30294"}],"version-history":[{"count":1,"href":"https:\/\/eurocarry.de\/de_de\/wp-json\/wp\/v2\/product\/30294\/revisions"}],"predecessor-version":[{"id":30404,"href":"https:\/\/eurocarry.de\/de_de\/wp-json\/wp\/v2\/product\/30294\/revisions\/30404"}],"wp:featuredmedia":[{"embeddable":true,"href":"https:\/\/eurocarry.de\/de_de\/wp-json\/wp\/v2\/media\/30248"}],"wp:attachment":[{"href":"https:\/\/eurocarry.de\/de_de\/wp-json\/wp\/v2\/media?parent=30294"}],"wp:term":[{"taxonomy":"product_brand","embeddable":true,"href":"https:\/\/eurocarry.de\/de_de\/wp-json\/wp\/v2\/product_brand?post=30294"},{"taxonomy":"product_cat","embeddable":true,"href":"https:\/\/eurocarry.de\/de_de\/wp-json\/wp\/v2\/product_cat?post=30294"},{"taxonomy":"product_tag","embeddable":true,"href":"https:\/\/eurocarry.de\/de_de\/wp-json\/wp\/v2\/product_tag?post=30294"}],"curies":[{"name":"wp","href":"https:\/\/api.w.org\/{rel}","templated":true}]}}