{"id":30292,"date":"2026-05-13T11:29:48","date_gmt":"2026-05-13T09:29:48","guid":{"rendered":"https:\/\/eurocarry.de\/?post_type=product&#038;p=30292"},"modified":"2026-05-13T12:56:17","modified_gmt":"2026-05-13T10:56:17","slug":"x-rack-box-s-41500-abmessung-705x450x550-mm","status":"publish","type":"product","link":"https:\/\/eurocarry.de\/de_de\/produkt\/x-rack-box-s-41500-abmessung-705x450x550-mm\/","title":{"rendered":"X-Rack Box S 41500, Abmessung 705x450x550 mm"},"content":{"rendered":"<p>leichte und stabile Alu-Box passend f\u00fcr das X-Rack System<br \/>\npassend f\u00fcr Euroboxen 600 x 400<br \/>\nabschlie\u00dfbar<br \/>\nlinks-\/ alternativ rechts\u00f6ffnend<br \/>\nSpritzwassergesch\u00fctzt<br \/>\neinfache Montage und Demontage<\/p>\n<p>Daten: Zuladung 60kg<br \/>\nMa\u00dfe 705 x 450 x 550<br \/>\nEigengewicht 14kg (ohne Regal\/ Ausz\u00fcge)<\/p>\n","protected":false},"excerpt":{"rendered":"<p>leichte und stabile Alu-Box passend f\u00fcr das X-Rack System passend f\u00fcr Euroboxen 600 x 400 abschlie\u00dfbar links-\/ alternativ rechts\u00f6ffnend Spritzwassergesch\u00fctzt einfache Montage und Demontage Daten: Zuladung 60kg Ma\u00dfe 705 x 450 x 550 Eigengewicht 14kg (ohne Regal\/ Ausz\u00fcge)<\/p>\n","protected":false},"featured_media":30246,"comment_status":"closed","ping_status":"closed","template":"","meta":{"_acf_changed":false},"product_brand":[],"product_cat":[15,285],"product_tag":[],"class_list":{"0":"post-30292","1":"product","2":"type-product","3":"status-publish","4":"has-post-thumbnail","6":"product_cat-alle-produkte","7":"product_cat-zubehoer","8":"product_shipping_class-kleinteile","10":"first","11":"instock","12":"taxable","13":"shipping-taxable","14":"purchasable","15":"product-type-simple"},"acf":[],"_links":{"self":[{"href":"https:\/\/eurocarry.de\/de_de\/wp-json\/wp\/v2\/product\/30292","targetHints":{"allow":["GET"]}}],"collection":[{"href":"https:\/\/eurocarry.de\/de_de\/wp-json\/wp\/v2\/product"}],"about":[{"href":"https:\/\/eurocarry.de\/de_de\/wp-json\/wp\/v2\/types\/product"}],"replies":[{"embeddable":true,"href":"https:\/\/eurocarry.de\/de_de\/wp-json\/wp\/v2\/comments?post=30292"}],"version-history":[{"count":1,"href":"https:\/\/eurocarry.de\/de_de\/wp-json\/wp\/v2\/product\/30292\/revisions"}],"predecessor-version":[{"id":30407,"href":"https:\/\/eurocarry.de\/de_de\/wp-json\/wp\/v2\/product\/30292\/revisions\/30407"}],"wp:featuredmedia":[{"embeddable":true,"href":"https:\/\/eurocarry.de\/de_de\/wp-json\/wp\/v2\/media\/30246"}],"wp:attachment":[{"href":"https:\/\/eurocarry.de\/de_de\/wp-json\/wp\/v2\/media?parent=30292"}],"wp:term":[{"taxonomy":"product_brand","embeddable":true,"href":"https:\/\/eurocarry.de\/de_de\/wp-json\/wp\/v2\/product_brand?post=30292"},{"taxonomy":"product_cat","embeddable":true,"href":"https:\/\/eurocarry.de\/de_de\/wp-json\/wp\/v2\/product_cat?post=30292"},{"taxonomy":"product_tag","embeddable":true,"href":"https:\/\/eurocarry.de\/de_de\/wp-json\/wp\/v2\/product_tag?post=30292"}],"curies":[{"name":"wp","href":"https:\/\/api.w.org\/{rel}","templated":true}]}}