{"id":30289,"date":"2026-05-13T11:25:00","date_gmt":"2026-05-13T09:25:00","guid":{"rendered":"https:\/\/eurocarry.de\/?post_type=product&#038;p=30289"},"modified":"2026-05-13T13:12:32","modified_gmt":"2026-05-13T11:12:32","slug":"x-rack-wheel-41800-reserveradhalter","status":"publish","type":"product","link":"https:\/\/eurocarry.de\/de_de\/produkt\/x-rack-wheel-41800-reserveradhalter\/","title":{"rendered":"X-Rack Wheel 41800, Reserveradhalter"},"content":{"rendered":"<p>passend f\u00fcr verschiedene Radgr\u00f6\u00dfen<br \/>\nf\u00fcr Lochkreis 118\/5 mm, 120\/5 mm und 130\/5 mm<br \/>\nPosition am Grundrahmen beliebig w\u00e4hlbar<br \/>\nLieferumfang ohne Rad<br \/>\neinfache Montage und Demontage<\/p>\n<p>Daten: Zuladung 36kg<br \/>\nMa\u00dfe 250 x 250 x 370<br \/>\nEigengewicht 4kg (ohne Rad)<\/p>\n","protected":false},"excerpt":{"rendered":"<p>passend f\u00fcr verschiedene Radgr\u00f6\u00dfen f\u00fcr Lochkreis 118\/5 mm, 120\/5 mm und 130\/5 mm Position am Grundrahmen beliebig w\u00e4hlbar Lieferumfang ohne Rad einfache Montage und Demontage Daten: Zuladung 36kg Ma\u00dfe 250 x 250 x 370 Eigengewicht 4kg (ohne Rad)<\/p>\n","protected":false},"featured_media":30238,"comment_status":"closed","ping_status":"closed","template":"","meta":{"_acf_changed":false},"product_brand":[],"product_cat":[15,285],"product_tag":[],"class_list":{"0":"post-30289","1":"product","2":"type-product","3":"status-publish","4":"has-post-thumbnail","6":"product_cat-alle-produkte","7":"product_cat-zubehoer","8":"product_shipping_class-kleinteile","10":"first","11":"instock","12":"taxable","13":"shipping-taxable","14":"purchasable","15":"product-type-simple"},"acf":[],"_links":{"self":[{"href":"https:\/\/eurocarry.de\/de_de\/wp-json\/wp\/v2\/product\/30289","targetHints":{"allow":["GET"]}}],"collection":[{"href":"https:\/\/eurocarry.de\/de_de\/wp-json\/wp\/v2\/product"}],"about":[{"href":"https:\/\/eurocarry.de\/de_de\/wp-json\/wp\/v2\/types\/product"}],"replies":[{"embeddable":true,"href":"https:\/\/eurocarry.de\/de_de\/wp-json\/wp\/v2\/comments?post=30289"}],"version-history":[{"count":1,"href":"https:\/\/eurocarry.de\/de_de\/wp-json\/wp\/v2\/product\/30289\/revisions"}],"predecessor-version":[{"id":30410,"href":"https:\/\/eurocarry.de\/de_de\/wp-json\/wp\/v2\/product\/30289\/revisions\/30410"}],"wp:featuredmedia":[{"embeddable":true,"href":"https:\/\/eurocarry.de\/de_de\/wp-json\/wp\/v2\/media\/30238"}],"wp:attachment":[{"href":"https:\/\/eurocarry.de\/de_de\/wp-json\/wp\/v2\/media?parent=30289"}],"wp:term":[{"taxonomy":"product_brand","embeddable":true,"href":"https:\/\/eurocarry.de\/de_de\/wp-json\/wp\/v2\/product_brand?post=30289"},{"taxonomy":"product_cat","embeddable":true,"href":"https:\/\/eurocarry.de\/de_de\/wp-json\/wp\/v2\/product_cat?post=30289"},{"taxonomy":"product_tag","embeddable":true,"href":"https:\/\/eurocarry.de\/de_de\/wp-json\/wp\/v2\/product_tag?post=30289"}],"curies":[{"name":"wp","href":"https:\/\/api.w.org\/{rel}","templated":true}]}}