{"id":29856,"date":"2026-03-04T15:27:54","date_gmt":"2026-03-04T14:27:54","guid":{"rendered":"https:\/\/eurocarry.de\/?post_type=product&#038;p=29856"},"modified":"2026-03-04T15:56:49","modified_gmt":"2026-03-04T14:56:49","slug":"dachreling-future-39260-fuer-reisemobile","status":"publish","type":"product","link":"https:\/\/eurocarry.de\/de_de\/produkt\/dachreling-future-39260-fuer-reisemobile\/","title":{"rendered":"Dachreling Future 39260 f\u00fcr Reisemobile und Alkovenfahrzeuge"},"content":{"rendered":"<p>Dachreling f\u00fcr die g\u00e4ngigen Reisemobile sowie Fahrzeuge mit einem glatten Dach.<\/p>\n<p>Auf die L\u00e4nge Ihres Fahrzeugs k\u00fcrzbar. Die Reling mit den formsch\u00f6nen St\u00fctzf\u00fc\u00dfen wird auf dem Dach mit Sikaflex (Nicht im Lieferumfang enthalten) verklebt und verschraubt.<\/p>\n<p>Lieferumfang: 2 St\u00fcck Dachrelingprofile aus Alu, eloxiert, mit je 3 St\u00fctzf\u00fc\u00dfen aus PU-Hartschaum mit Stahleinlegern und Montagematerial.<\/p>\n<p>Abmessung: L\u00e4nge 260 cm (Alu-Holm 225 cm)<\/p>\n<p>Eigengewicht: 12 kg<\/p>\n","protected":false},"excerpt":{"rendered":"<p>Dachreling f\u00fcr die g\u00e4ngigen Reisemobile sowie Fahrzeuge mit einem glatten Dach. Auf die L\u00e4nge Ihres Fahrzeugs k\u00fcrzbar. Die Reling mit den formsch\u00f6nen St\u00fctzf\u00fc\u00dfen wird auf dem Dach mit Sikaflex (Nicht im Lieferumfang enthalten) verklebt und verschraubt. Lieferumfang: 2 St\u00fcck Dachrelingprofile aus Alu, eloxiert, mit je 3 St\u00fctzf\u00fc\u00dfen aus PU-Hartschaum mit Stahleinlegern und Montagematerial. Abmessung: L\u00e4nge 260 cm (Alu-Holm 225 cm) Eigengewicht: 12 kg<\/p>\n","protected":false},"featured_media":29858,"comment_status":"open","ping_status":"closed","template":"","meta":{"_acf_changed":false},"product_brand":[],"product_cat":[380],"product_tag":[],"class_list":{"0":"post-29856","1":"product","2":"type-product","3":"status-publish","4":"has-post-thumbnail","6":"product_cat-outlet","7":"product_shipping_class-sperrgut","9":"first","10":"instock","11":"sale","12":"taxable","13":"shipping-taxable","14":"purchasable","15":"product-type-simple"},"acf":[],"_links":{"self":[{"href":"https:\/\/eurocarry.de\/de_de\/wp-json\/wp\/v2\/product\/29856","targetHints":{"allow":["GET"]}}],"collection":[{"href":"https:\/\/eurocarry.de\/de_de\/wp-json\/wp\/v2\/product"}],"about":[{"href":"https:\/\/eurocarry.de\/de_de\/wp-json\/wp\/v2\/types\/product"}],"replies":[{"embeddable":true,"href":"https:\/\/eurocarry.de\/de_de\/wp-json\/wp\/v2\/comments?post=29856"}],"version-history":[{"count":0,"href":"https:\/\/eurocarry.de\/de_de\/wp-json\/wp\/v2\/product\/29856\/revisions"}],"wp:featuredmedia":[{"embeddable":true,"href":"https:\/\/eurocarry.de\/de_de\/wp-json\/wp\/v2\/media\/29858"}],"wp:attachment":[{"href":"https:\/\/eurocarry.de\/de_de\/wp-json\/wp\/v2\/media?parent=29856"}],"wp:term":[{"taxonomy":"product_brand","embeddable":true,"href":"https:\/\/eurocarry.de\/de_de\/wp-json\/wp\/v2\/product_brand?post=29856"},{"taxonomy":"product_cat","embeddable":true,"href":"https:\/\/eurocarry.de\/de_de\/wp-json\/wp\/v2\/product_cat?post=29856"},{"taxonomy":"product_tag","embeddable":true,"href":"https:\/\/eurocarry.de\/de_de\/wp-json\/wp\/v2\/product_tag?post=29856"}],"curies":[{"name":"wp","href":"https:\/\/api.w.org\/{rel}","templated":true}]}}