{"id":27309,"date":"2025-03-20T23:57:27","date_gmt":"2025-03-20T22:57:27","guid":{"rendered":"https:\/\/eurocarry.de\/?post_type=product&#038;p=27309"},"modified":"2026-04-10T11:11:18","modified_gmt":"2026-04-10T09:11:18","slug":"spacemaker","status":"publish","type":"product","link":"https:\/\/eurocarry.de\/de_de\/produkt\/spacemaker\/","title":{"rendered":"The SpaceMaker &#8211; NEU"},"content":{"rendered":"<p>Du hast einen Fahrradtr\u00e4ger auf deiner Anh\u00e4ngerkupplung und m\u00f6chtest trotzdem uneingeschr\u00e4nkten Zugang zum Kofferraum oder zu deiner Ladefl\u00e4che? Das Abklappen der Fahrr\u00e4der reicht dir nicht, da du schwere Koffer oder sonstige Gegenst\u00e4nde ein- und ausladen m\u00f6chtest w\u00e4hrend die Fahrr\u00e4der montiert sind?<\/p>\n<p>Wir haben die L\u00f6sung!<\/p>\n<p><strong>TheSpaceMaker &#8211;<\/strong> dem Adapter f\u00fcr deinen Fahrradtr\u00e4ger (Max. f\u00fcr 2 R\u00e4der)<\/p>\n<p>Dieser wird schnell und einfach \u00fcber deine Anh\u00e4ngerkupplung geschoben und innerhalb von Sekunden von oben \u00fcber eine Inbusschraube auf der Kugel der Anh\u00e4ngerkupplung fixiert. Eine weitere Kugel am Ausleger bietet so wiederum die nat\u00fcrliche Ausgangslage f\u00fcr deinen Fahrradtr\u00e4ger. Das integrierte Stromkabel verbindet dein Fahrzeug mit deinem Tr\u00e4ger und bietet so noch mehr Flexibilit\u00e4t. Das Ma\u00df zwischen der Mitte Kugel Anh\u00e4ngerkupplung bis Mitte Kugel SpaceMaker betr\u00e4gt ca. 110 mm.<\/p>\n<p>Mit unserem einzigartigen Produkt k\u00f6nnen so zwei E-Bikes (max. 65 kg Zuladung) einfach 90\u00b0 weggeschwenkt werden und bieten so vollen Zugang zum Heck deines Fahrzeuges.<\/p>\n<p><strong>Besonderheiten:<\/strong><\/p>\n<ul>\n<li>Abschlie\u00dfbar und somit Diebstahl gesch\u00fctzt<\/li>\n<li>Gefertigt aus hochfesten und verschlei\u00dffesten Stahl (Abriebstahl)<\/li>\n<li>Eigengewicht nur ca. 13,9 kg<\/li>\n<li>auch f\u00fcr abnehmbare Anh\u00e4ngekupplung geeignet (Einschr\u00e4nkung siehe unten<\/li>\n<li>CE-gepr\u00fcft &#8211; keine weitere spezielle Zulassung erforderlich<\/li>\n<li>F\u00fcr nahezu alle Anh\u00e4ngerkupplungstr\u00e4ger f\u00fcr max. 2 R\u00e4der passend (Nicht f\u00fcr Tr\u00e4ger mit Aufnahme f\u00fcr Anh\u00e4ngerkupplung FIX4BIKE sowie f\u00fcr Tr\u00e4ger f\u00fcr 3 oder 4 R\u00e4der)<\/li>\n<li>Inkl. Kabel und Stecker zum Anschluss am Fahrzeug sowie eine Steckdose am Ausleger zum Anschluss des Kabels des Kupplungstr\u00e4gers<\/li>\n<li>In zwei Ausf\u00fchrungen erh\u00e4ltlich &#8211; Linksschwenkend (Richtung Fahrerseite) oder rechtsschwenkend (Richtung Beifahrerseite)<\/li>\n<\/ul>\n<p><strong style=\"letter-spacing: 0px;\">Voraussetzungen f\u00fcr die Verwendung:<\/strong><\/p>\n<ul>\n<li>Nur Verwendbar bei Stahl-Anh\u00e4ngerkupplungen (Nicht bei Alu- bzw. GGG 30 Gu\u00df-Kupplungen verwendbar)<\/li>\n<li>Nicht verwendbar bei abnehmbarer Anh\u00e4ngerkupplung mit runder Aufnahme, welche horizontal nach vorne in die Aufnahme geschoben wir und mit einem Bolzen gesichert wird.<\/li>\n<li>F\u00fcr nahezu jede Anh\u00e4ngekupplung kompatibel, sofern das Ma\u00df von 40mm von Oberkante Kugel bis Unterkante Heckklappe \/ Heckt\u00fcre nicht unterschritten wird<\/li>\n<li>Zuglast der Anh\u00e4ngerkupplung min. 2000 kg<\/li>\n<li>Kugel der Anh\u00e4ngerkupplung 50 mm Durchmesser<\/li>\n<li>Ma\u00df Oberkante Kugel bis Oberkante Horizontalrohr Anh\u00e4ngerkupplung min. 73 mm<\/li>\n<li>Der SpaceMaker ist f\u00fcr Fahrzeuge ab Gr\u00f6\u00dfe VW T 6 und gr\u00f6\u00dfer sowie Pick-Up&#8217;s passend (Nicht f\u00fcr PKW&#8217;s und SUV&#8217;s geeignet)<\/li>\n<li>Nicht f\u00fcr das Ziehen von Anh\u00e4ngern geeignet<\/li>\n<\/ul>\n<p><strong>Du hast noch Fragen? Dann melde dich gerne bei uns oder stell die Frage hier im Shop. Somit ist die L\u00f6sung f\u00fcr jeden ersichtlich \ud83d\ude42<\/strong><\/p>\n<p><strong>Achtung: Fahrradtr\u00e4ger nicht im Lieferumfang enthalten.<\/strong><\/p>\n<p><a data-html=\"#hosted-video-6859b608a7091\"><br \/>\n<img fetchpriority=\"high\" decoding=\"async\" src=\"https:\/\/eurocarry.de\/wp-content\/uploads\/2025\/03\/SM-4.4.1-Seitenansicht-Detail-geschlossen-WS-1.jpg\" alt=\"SM 4.4.1 Seitenansicht Detail geschlossen WS\" width=\"4032\" height=\"3024\" title=\"\"><br \/>\n<\/a><br \/>\n<video src=\"https:\/\/eurocarry.de\/wp-content\/uploads\/2025\/06\/250612_Traeger-04-Produktvideo_EuroCarry_1.mp4\" preload=\"none\" controls=\"controls\" width=\"300\" height=\"150\"><\/video><br \/>\n<a data-html=\"#hosted-video-6859b608a7b0f\"><br \/>\n<img decoding=\"async\" src=\"https:\/\/eurocarry.de\/wp-content\/uploads\/2025\/03\/SM-4.4.1-Seitenansicht-WS.jpg\" alt=\"SM 4.4.1 Seitenansicht WS\" width=\"4032\" height=\"3024\" title=\"\"><br \/>\n<\/a><br \/>\n<video src=\"https:\/\/eurocarry.de\/wp-content\/uploads\/2025\/03\/SpaceMaker_Short_1.mp4\" preload=\"none\" controls=\"controls\" width=\"300\" height=\"150\"><\/video><br \/>\n<a data-html=\"#hosted-video-6859b608a86f5\"><br \/>\n<img decoding=\"async\" src=\"https:\/\/eurocarry.de\/wp-content\/uploads\/2025\/03\/SM-4.4.1-Heckansicht-WS.jpg\" alt=\"SM 4.4.1 Heckansicht WS\" width=\"4032\" height=\"3024\" title=\"\"><br \/>\n<\/a><br \/>\n<video src=\"https:\/\/eurocarry.de\/wp-content\/uploads\/2025\/03\/Der-SpaceMaker4_1.mp4\" preload=\"none\" controls=\"controls\" width=\"300\" height=\"150\"><\/video><\/p>\n","protected":false},"excerpt":{"rendered":"<p>Du hast einen Fahrradtr\u00e4ger auf deiner Anh\u00e4ngerkupplung und m\u00f6chtest trotzdem uneingeschr\u00e4nkten Zugang zum Kofferraum oder zu deiner Ladefl\u00e4che? Das Abklappen der Fahrr\u00e4der reicht dir nicht, da du schwere Koffer oder sonstige Gegenst\u00e4nde ein- und ausladen m\u00f6chtest w\u00e4hrend die Fahrr\u00e4der montiert sind? Wir haben die L\u00f6sung! TheSpaceMaker &#8211; dem Adapter f\u00fcr deinen Fahrradtr\u00e4ger (Max. f\u00fcr 2 R\u00e4der) Dieser wird schnell und einfach \u00fcber deine Anh\u00e4ngerkupplung geschoben und innerhalb von Sekunden von oben \u00fcber eine Inbusschraube auf der Kugel der Anh\u00e4ngerkupplung fixiert. Eine weitere Kugel am Ausleger bietet so wiederum die nat\u00fcrliche Ausgangslage f\u00fcr deinen Fahrradtr\u00e4ger. Das integrierte Stromkabel verbindet dein Fahrzeug mit deinem Tr\u00e4ger und bietet so noch mehr Flexibilit\u00e4t. Das Ma\u00df zwischen der Mitte Kugel Anh\u00e4ngerkupplung bis Mitte Kugel SpaceMaker betr\u00e4gt ca. 110 mm. Mit unserem einzigartigen Produkt k\u00f6nnen so zwei E-Bikes (max. 65 kg Zuladung) einfach 90\u00b0 weggeschwenkt werden und bieten so vollen Zugang zum Heck deines Fahrzeuges. Besonderheiten: Abschlie\u00dfbar und somit Diebstahl gesch\u00fctzt Gefertigt aus hochfesten und verschlei\u00dffesten Stahl (Abriebstahl) Eigengewicht nur ca. 13,9 kg auch f\u00fcr abnehmbare Anh\u00e4ngekupplung geeignet (Einschr\u00e4nkung siehe unten CE-gepr\u00fcft &#8211; keine weitere spezielle Zulassung erforderlich F\u00fcr nahezu alle Anh\u00e4ngerkupplungstr\u00e4ger f\u00fcr max. 2 R\u00e4der passend (Nicht f\u00fcr Tr\u00e4ger mit Aufnahme f\u00fcr Anh\u00e4ngerkupplung FIX4BIKE sowie f\u00fcr Tr\u00e4ger f\u00fcr 3 oder 4 R\u00e4der) Inkl. Kabel und Stecker zum Anschluss am Fahrzeug sowie eine Steckdose am Ausleger zum Anschluss des Kabels des Kupplungstr\u00e4gers In zwei Ausf\u00fchrungen erh\u00e4ltlich &#8211; Linksschwenkend (Richtung Fahrerseite) oder rechtsschwenkend (Richtung Beifahrerseite) Voraussetzungen f\u00fcr die Verwendung: Nur Verwendbar bei Stahl-Anh\u00e4ngerkupplungen (Nicht bei Alu- bzw. GGG 30 Gu\u00df-Kupplungen verwendbar) Nicht verwendbar bei abnehmbarer Anh\u00e4ngerkupplung mit runder Aufnahme, welche horizontal nach vorne in die Aufnahme geschoben wir und mit einem Bolzen gesichert wird. F\u00fcr nahezu jede Anh\u00e4ngekupplung kompatibel, sofern das Ma\u00df von 40mm von Oberkante Kugel bis Unterkante Heckklappe \/ Heckt\u00fcre nicht unterschritten wird Zuglast der Anh\u00e4ngerkupplung min. 2000 kg Kugel der Anh\u00e4ngerkupplung 50 mm Durchmesser Ma\u00df Oberkante Kugel bis Oberkante Horizontalrohr Anh\u00e4ngerkupplung min. 73 mm Der SpaceMaker ist f\u00fcr Fahrzeuge ab Gr\u00f6\u00dfe VW T 6 und gr\u00f6\u00dfer sowie Pick-Up&#8217;s passend (Nicht f\u00fcr PKW&#8217;s und SUV&#8217;s geeignet) Nicht f\u00fcr das Ziehen von Anh\u00e4ngern geeignet Du hast noch Fragen? Dann melde dich gerne bei uns oder stell die Frage hier im Shop. Somit ist die L\u00f6sung f\u00fcr jeden ersichtlich \ud83d\ude42 Achtung: Fahrradtr\u00e4ger nicht im Lieferumfang enthalten.<\/p>\n","protected":false},"featured_media":27994,"comment_status":"open","ping_status":"closed","template":"","meta":{"_acf_changed":false},"product_brand":[291],"product_cat":[550,15],"product_tag":[551],"class_list":{"0":"post-27309","1":"product","2":"type-product","3":"status-publish","4":"has-post-thumbnail","6":"product_brand-eurocarry","7":"product_cat-spacemaker","8":"product_cat-alle-produkte","9":"product_tag-spacemaker","10":"product_shipping_class-spacemaker","12":"first","13":"instock","14":"taxable","15":"shipping-taxable","16":"purchasable","17":"product-type-variable"},"acf":[],"_links":{"self":[{"href":"https:\/\/eurocarry.de\/de_de\/wp-json\/wp\/v2\/product\/27309","targetHints":{"allow":["GET"]}}],"collection":[{"href":"https:\/\/eurocarry.de\/de_de\/wp-json\/wp\/v2\/product"}],"about":[{"href":"https:\/\/eurocarry.de\/de_de\/wp-json\/wp\/v2\/types\/product"}],"replies":[{"embeddable":true,"href":"https:\/\/eurocarry.de\/de_de\/wp-json\/wp\/v2\/comments?post=27309"}],"version-history":[{"count":0,"href":"https:\/\/eurocarry.de\/de_de\/wp-json\/wp\/v2\/product\/27309\/revisions"}],"wp:featuredmedia":[{"embeddable":true,"href":"https:\/\/eurocarry.de\/de_de\/wp-json\/wp\/v2\/media\/27994"}],"wp:attachment":[{"href":"https:\/\/eurocarry.de\/de_de\/wp-json\/wp\/v2\/media?parent=27309"}],"wp:term":[{"taxonomy":"product_brand","embeddable":true,"href":"https:\/\/eurocarry.de\/de_de\/wp-json\/wp\/v2\/product_brand?post=27309"},{"taxonomy":"product_cat","embeddable":true,"href":"https:\/\/eurocarry.de\/de_de\/wp-json\/wp\/v2\/product_cat?post=27309"},{"taxonomy":"product_tag","embeddable":true,"href":"https:\/\/eurocarry.de\/de_de\/wp-json\/wp\/v2\/product_tag?post=27309"}],"curies":[{"name":"wp","href":"https:\/\/api.w.org\/{rel}","templated":true}]}}