{"id":25683,"date":"2024-12-02T14:47:35","date_gmt":"2024-12-02T13:47:35","guid":{"rendered":"https:\/\/eurocarry.de\/?post_type=product&#038;p=25683"},"modified":"2026-02-24T15:33:39","modified_gmt":"2026-02-24T14:33:39","slug":"eurocarry-dachreling-passend-fuer-vw-t-5-und-t-6","status":"publish","type":"product","link":"https:\/\/eurocarry.de\/de_de\/produkt\/eurocarry-dachreling-passend-fuer-vw-t-5-und-t-6\/","title":{"rendered":"Eurocarry Dachreling passend f\u00fcr VW T 5 und T 6"},"content":{"rendered":"<p>Einfache Montage. Aerodynamische Formgebung. Hochwertige schwarz pulverbeschichtete Aluminiumausf\u00fchrung mit Kunststoff-Eckverbinder, 4 Quertr\u00e4ger mit je 4 Befestigungs-Halterungen links und rechts zur Montage auf dem Fahrzeugdach.<\/p>\n<p>Quertr\u00e4ger, Gep\u00e4ckbox, Planken (An die Reling k\u00f6nnen Planken in beliebiger Anzahl verbaut werden) und Reserveradhalter optional erh\u00e4ltlich<\/p>\n<p>Au\u00dfenma\u00dfe: l: 280 cm, b: 145 cm<\/p>\n<p>Eigengewicht: ca. 15,5 kg<\/p>\n<p>Verteilte Zuladung:<br \/>\n100 kg auf 4 Quertr\u00e4ger gleichm\u00e4\u00dfig verteilt<\/p>\n","protected":false},"excerpt":{"rendered":"<p>Aluminiumrahmen inkl. Eckverbinder<br \/>\n4 Quertr\u00e4ger mit je 4 Befestigungs-halterungen links und rechts<\/p>\n","protected":false},"featured_media":25675,"comment_status":"open","ping_status":"closed","template":"","meta":{"_acf_changed":false},"product_brand":[],"product_cat":[380],"product_tag":[],"class_list":{"0":"post-25683","1":"product","2":"type-product","3":"status-publish","4":"has-post-thumbnail","6":"product_cat-outlet","7":"pa_eigengewicht-16-kg","8":"pa_lieferumfang-aluminiumrahmen-inkl-eckverbinder-4-quertraeger-mit-je-4-befestigungs-halterungen-links-und-rechts","9":"pa_max-zuladung-max-100-kg-auf-4-quertraeger-verteilt","11":"first","12":"instock","13":"sale","14":"taxable","15":"shipping-taxable","16":"purchasable","17":"product-type-simple"},"acf":[],"_links":{"self":[{"href":"https:\/\/eurocarry.de\/de_de\/wp-json\/wp\/v2\/product\/25683","targetHints":{"allow":["GET"]}}],"collection":[{"href":"https:\/\/eurocarry.de\/de_de\/wp-json\/wp\/v2\/product"}],"about":[{"href":"https:\/\/eurocarry.de\/de_de\/wp-json\/wp\/v2\/types\/product"}],"replies":[{"embeddable":true,"href":"https:\/\/eurocarry.de\/de_de\/wp-json\/wp\/v2\/comments?post=25683"}],"version-history":[{"count":0,"href":"https:\/\/eurocarry.de\/de_de\/wp-json\/wp\/v2\/product\/25683\/revisions"}],"wp:featuredmedia":[{"embeddable":true,"href":"https:\/\/eurocarry.de\/de_de\/wp-json\/wp\/v2\/media\/25675"}],"wp:attachment":[{"href":"https:\/\/eurocarry.de\/de_de\/wp-json\/wp\/v2\/media?parent=25683"}],"wp:term":[{"taxonomy":"product_brand","embeddable":true,"href":"https:\/\/eurocarry.de\/de_de\/wp-json\/wp\/v2\/product_brand?post=25683"},{"taxonomy":"product_cat","embeddable":true,"href":"https:\/\/eurocarry.de\/de_de\/wp-json\/wp\/v2\/product_cat?post=25683"},{"taxonomy":"product_tag","embeddable":true,"href":"https:\/\/eurocarry.de\/de_de\/wp-json\/wp\/v2\/product_tag?post=25683"}],"curies":[{"name":"wp","href":"https:\/\/api.w.org\/{rel}","templated":true}]}}