{"id":23991,"date":"2024-05-29T15:44:40","date_gmt":"2024-05-29T13:44:40","guid":{"rendered":"https:\/\/eurocarry.de\/produkt\/gurt-hubbett-elektrisch-4\/"},"modified":"2026-03-30T08:38:32","modified_gmt":"2026-03-30T06:38:32","slug":"gurt-hubbett-elektrisch-quereinbau","status":"publish","type":"product","link":"https:\/\/eurocarry.de\/de_de\/produkt\/gurt-hubbett-elektrisch-quereinbau\/","title":{"rendered":"Gurt-Hubbett elektrisch f\u00fcr L\u00e4ngs- oder Quereinbau 160 x 200 cm"},"content":{"rendered":"<p><strong>Gurt-Hubbett elektrisch f\u00fcr L\u00e4ngs- oder Quereinbau 160 x 200 cm von EuroCarry<\/strong><\/p>\n<p>Entdecken Sie das Gurt-Hubbett elektrisch f\u00fcr L\u00e4ngs- oder Quereinbau 160 x 200 cm von EuroCarry \u2013 die perfekte L\u00f6sung f\u00fcr mehr Komfort und Platz in Ihrem Caravan. Als etablierter Hersteller von hochwertigem Caravanzubeh\u00f6r bietet EuroCarry mit diesem Hubbett eine innovative und praktische Schlafl\u00f6sung, die speziell f\u00fcr den Quereinbau konzipiert ist.<\/p>\n<p><strong>Hauptmerkmale<\/strong><\/p>\n<ul>\n<li><strong>Elektrische Bedienung:<\/strong> Das Hubbett l\u00e4sst sich m\u00fchelos per Knopfdruck heben und senken, was den Komfort und die Benutzerfreundlichkeit erheblich steigert. Die maximale Hubh\u00f6he von 1600 mm l\u00e4sst sich oben und unten \u00fcber Magnetsensoren, welche sich in einer der beiden F\u00fchrungsschienen befinden, problemlos einstellen.<\/li>\n<li><strong>Platzsparendes Design:<\/strong> Mit den Ma\u00dfen 160 x 200 cm bietet das Bett ausreichend Platz f\u00fcr zwei Personen und l\u00e4sst sich bei Nichtgebrauch platzsparend verstauen.<\/li>\n<li><strong>Robuste Konstruktion:<\/strong> Hergestellt aus hochwertigen Materialien, garantiert das Gurt-Hubbett eine lange Lebensdauer und hohe Stabilit\u00e4t.<\/li>\n<li><strong>Einfache Installation:<\/strong> Das Bett ist speziell f\u00fcr den L\u00e4ngs- oder Quereinbau in Caravans konzipiert und l\u00e4sst sich problemlos integrieren.<\/li>\n<\/ul>\n<p><strong>Vorteile<\/strong><\/p>\n<ul>\n<li><strong>Maximale Raumnutzung:<\/strong> Durch die M\u00f6glichkeit, das Bett bei Tag hochzufahren, gewinnen Sie wertvollen Wohnraum in Ihrem Caravan.<\/li>\n<li><strong>Individuelle Einbaum\u00f6glichkeit:<\/strong> Dank der Kunststoff-Eckverbinder l\u00e4sst sich die L\u00e4nge und Breite des Bettrosts beliebig gem\u00e4\u00df den Ma\u00dfen des Fahrzeugs k\u00fcrzen. Die Antriebseinheit kann wahlweise l\u00e4ngs oder quer eingebaut und ebenfalls entsprechend gek\u00fcrzt werden (Die minimale L\u00e4nge betr\u00e4gt ca. 1000 mm).<\/li>\n<li><strong>Komfortable Schlafl\u00f6sung:<\/strong> Die gro\u00dfz\u00fcgigen Abmessungen und die stabile Konstruktion sorgen f\u00fcr einen erholsamen Schlaf.<\/li>\n<li><strong>Benutzerfreundlichkeit:<\/strong> Die elektrische Bedienung macht das Handling des Bettes kinderleicht und bequem.<\/li>\n<\/ul>\n<p><strong>Lieferumfang:<\/strong><\/p>\n<ul>\n<li>Bettrahmen 2000 x 1600 mm mit Federholzleisten und Kunststoff-Eckverbinder 90\u00b0, individuell k\u00fcrzbar<\/li>\n<li>Elektrische Antriebseinheit 2000 mm inkl. Steuerung, Handtaster, Kabelsatz und Gurte<\/li>\n<li>Umlenkungen f\u00fcr Gurte am Bettrost<\/li>\n<li>Gurtklemmen zur Befestigung am Fahrzeug (Eventuelle speziell notwendige Wandhalter m\u00fcssen kundenseitig hergestellt werden)<\/li>\n<li>Satz (2 St\u00fcck) F\u00fchrungsschienen f\u00fcr Hub 1600 mm<\/li>\n<\/ul>\n<p>Das Gurt-Hubbett elektrisch f\u00fcr L\u00e4ngs- oder Quereinbau 160 x 200 cm von EuroCarry ist die ideale Wahl f\u00fcr alle, die ihren Caravan mit einer komfortablen und platzsparenden Schlafl\u00f6sung ausstatten m\u00f6chten. Vertrauen Sie auf die Qualit\u00e4t und Erfahrung von EuroCarry und genie\u00dfen Sie mehr Freiheit und Komfort auf Ihren Reisen.<\/p>\n","protected":false},"excerpt":{"rendered":"<p><strong> Made in Germany<\/strong><\/p>\n<p><strong> Schnelle Lieferung<\/strong><\/p>\n<p><strong> Qualit\u00e4t vom Hersteller<\/strong><\/p>\n","protected":false},"featured_media":24979,"comment_status":"open","ping_status":"closed","template":"","meta":{"_acf_changed":false},"product_brand":[291],"product_cat":[257,15,289],"product_tag":[290],"class_list":{"0":"post-23991","1":"product","2":"type-product","3":"status-publish","4":"has-post-thumbnail","6":"product_brand-eurocarry","7":"product_cat-hubbetten","8":"product_cat-alle-produkte","9":"product_cat-hubbett","10":"product_tag-hubett","11":"product_shipping_class-sperrgut","13":"first","14":"instock","15":"taxable","16":"shipping-taxable","17":"purchasable","18":"product-type-simple"},"acf":[],"_links":{"self":[{"href":"https:\/\/eurocarry.de\/de_de\/wp-json\/wp\/v2\/product\/23991","targetHints":{"allow":["GET"]}}],"collection":[{"href":"https:\/\/eurocarry.de\/de_de\/wp-json\/wp\/v2\/product"}],"about":[{"href":"https:\/\/eurocarry.de\/de_de\/wp-json\/wp\/v2\/types\/product"}],"replies":[{"embeddable":true,"href":"https:\/\/eurocarry.de\/de_de\/wp-json\/wp\/v2\/comments?post=23991"}],"version-history":[{"count":0,"href":"https:\/\/eurocarry.de\/de_de\/wp-json\/wp\/v2\/product\/23991\/revisions"}],"wp:featuredmedia":[{"embeddable":true,"href":"https:\/\/eurocarry.de\/de_de\/wp-json\/wp\/v2\/media\/24979"}],"wp:attachment":[{"href":"https:\/\/eurocarry.de\/de_de\/wp-json\/wp\/v2\/media?parent=23991"}],"wp:term":[{"taxonomy":"product_brand","embeddable":true,"href":"https:\/\/eurocarry.de\/de_de\/wp-json\/wp\/v2\/product_brand?post=23991"},{"taxonomy":"product_cat","embeddable":true,"href":"https:\/\/eurocarry.de\/de_de\/wp-json\/wp\/v2\/product_cat?post=23991"},{"taxonomy":"product_tag","embeddable":true,"href":"https:\/\/eurocarry.de\/de_de\/wp-json\/wp\/v2\/product_tag?post=23991"}],"curies":[{"name":"wp","href":"https:\/\/api.w.org\/{rel}","templated":true}]}}