{"id":23936,"date":"2024-05-29T15:44:28","date_gmt":"2024-05-29T13:44:28","guid":{"rendered":"https:\/\/eurocarry.de\/produkt\/einlegewanne-fuer-adventure-rack-64201\/"},"modified":"2026-02-24T15:33:40","modified_gmt":"2026-02-24T14:33:40","slug":"einlegewanne-fuer-adventure-rack-61201-51201-2","status":"publish","type":"product","link":"https:\/\/eurocarry.de\/de_de\/produkt\/einlegewanne-fuer-adventure-rack-61201-51201-2\/","title":{"rendered":"Einlegewanne f\u00fcr Adventure Rack &#8211; 64600"},"content":{"rendered":"<p><strong>Einlegewanne f\u00fcr Adventure Rack &#8211; geeignet f\u00fcr Tr\u00e4germodell 63201 + 69201 + 64201 + 51201 + 61201<\/strong><\/p>\n<p>Die Eurocarry-Einlegewanne aus schwarz pulverbeschichteten Aluminium-Riffelblech dient als Auflage f\u00fcr Ski\/Snowboard sowie Surfboard oder kann zum Transport von Materialien verschiedenster Art verwendet werden. Passend f\u00fcr Ausleger mit 2 Fahrradschienen<\/p>\n","protected":false},"excerpt":{"rendered":"<p>Einlegewanne f\u00fcr Adventure Rack &#8211; geeignet f\u00fcr Tr\u00e4germodell 63201 + 69201 + 64201 + 51201 + 61201 Die Eurocarry-Einlegewanne aus schwarz pulverbeschichteten Aluminium-Riffelblech dient als Auflage f\u00fcr Ski\/Snowboard sowie Surfboard oder kann zum Transport von Materialien verschiedenster Art verwendet werden. Passend f\u00fcr Ausleger mit 2 Fahrradschienen<\/p>\n","protected":false},"featured_media":25551,"comment_status":"open","ping_status":"closed","template":"","meta":{"_acf_changed":false},"product_brand":[291],"product_cat":[285,15],"product_tag":[286],"class_list":{"0":"post-23936","1":"product","2":"type-product","3":"status-publish","4":"has-post-thumbnail","6":"product_brand-eurocarry","7":"product_cat-zubehoer","8":"product_cat-alle-produkte","9":"product_tag-zubehoer","10":"pa_besonderheit-die-eurocarry-einlegewanne-aus-schwarz-pulverbeschichteten-aluminium-riffelblech-dient-als-auflage-fuer-ski-snowboard-sowie-surfboard-oder-kann-zum-transport-von-materialien-verschiedenster-art-verwe","11":"pa_lieferumfang-wanne-mit-montagematerial","12":"pa_passend-fuer-fahrradtraeger-63201-69201-64201-51201-61201","14":"first","15":"instock","16":"taxable","17":"shipping-taxable","18":"purchasable","19":"product-type-simple"},"acf":[],"_links":{"self":[{"href":"https:\/\/eurocarry.de\/de_de\/wp-json\/wp\/v2\/product\/23936","targetHints":{"allow":["GET"]}}],"collection":[{"href":"https:\/\/eurocarry.de\/de_de\/wp-json\/wp\/v2\/product"}],"about":[{"href":"https:\/\/eurocarry.de\/de_de\/wp-json\/wp\/v2\/types\/product"}],"replies":[{"embeddable":true,"href":"https:\/\/eurocarry.de\/de_de\/wp-json\/wp\/v2\/comments?post=23936"}],"version-history":[{"count":0,"href":"https:\/\/eurocarry.de\/de_de\/wp-json\/wp\/v2\/product\/23936\/revisions"}],"wp:featuredmedia":[{"embeddable":true,"href":"https:\/\/eurocarry.de\/de_de\/wp-json\/wp\/v2\/media\/25551"}],"wp:attachment":[{"href":"https:\/\/eurocarry.de\/de_de\/wp-json\/wp\/v2\/media?parent=23936"}],"wp:term":[{"taxonomy":"product_brand","embeddable":true,"href":"https:\/\/eurocarry.de\/de_de\/wp-json\/wp\/v2\/product_brand?post=23936"},{"taxonomy":"product_cat","embeddable":true,"href":"https:\/\/eurocarry.de\/de_de\/wp-json\/wp\/v2\/product_cat?post=23936"},{"taxonomy":"product_tag","embeddable":true,"href":"https:\/\/eurocarry.de\/de_de\/wp-json\/wp\/v2\/product_tag?post=23936"}],"curies":[{"name":"wp","href":"https:\/\/api.w.org\/{rel}","templated":true}]}}