{"id":23906,"date":"2024-05-29T15:41:55","date_gmt":"2024-05-29T13:41:55","guid":{"rendered":"https:\/\/eurocarry.de\/produkt\/eurocarry-e-bike-traeger-schwenkbar\/"},"modified":"2026-04-10T07:37:20","modified_gmt":"2026-04-10T05:37:20","slug":"eurocarry-e-bike-traeger-schwenkbar","status":"publish","type":"product","link":"https:\/\/eurocarry.de\/de_de\/produkt\/eurocarry-e-bike-traeger-schwenkbar\/","title":{"rendered":"EuroCarry E-Bike Tr\u00e4ger schwenkbar &#8211; 85001"},"content":{"rendered":"<p><strong>EuroCarry E-Bike Tr\u00e4ger schwenkbar<\/strong><\/p>\n<p>Der EuroCarry E-Bike Tr\u00e4ger schwenkbar ist die ideale L\u00f6sung f\u00fcr alle Caravan-Enthusiasten, die ihre E-Bikes sicher und bequem transportieren m\u00f6chten. Speziell entwickelt f\u00fcr die Modelle Fiat Ducato, Citroen Jumper und Peugeot Boxer, bietet dieser Fahrradtr\u00e4ger h\u00f6chste Funktionalit\u00e4t und Benutzerfreundlichkeit. Der Tr\u00e4ger wird an dem Fahrzeugchassis befestigt und hat dadurch eine h\u00f6here Tragkraft.<\/p>\n<p><strong>Hauptmerkmale<\/strong><\/p>\n<ul>\n<li><strong>Schwenkbare Funktion:<\/strong> Der Tr\u00e4ger l\u00e4sst sich einfach zur Seite schwenken, sodass der Zugang zum Heck des Fahrzeugs jederzeit gew\u00e4hrleistet ist.<\/li>\n<li><strong>Robuste Konstruktion:<\/strong> Hergestellt aus hochwertigen Materialien, garantiert der Tr\u00e4ger Langlebigkeit und Stabilit\u00e4t, selbst bei l\u00e4ngeren Reisen.<\/li>\n<li><strong>Sicherer Halt:<\/strong> Spezielle Halterungen sorgen daf\u00fcr, dass Ihre E-Bikes w\u00e4hrend der Fahrt sicher und fest an ihrem Platz bleiben.<\/li>\n<\/ul>\n<p><strong>Kompatibilit\u00e4t<\/strong><\/p>\n<p>Der EuroCarry E-Bike Tr\u00e4ger schwenkbar ist kompatibel mit den folgenden Fahrzeugmodellen:<\/p>\n<ul>\n<li>Fiat Ducato ab Baujahr 07\/2006<\/li>\n<li>Citroen Jumper ab Baujahr 07\/2006<\/li>\n<li>Peugeot Boxer ab Baujahr 07\/2006<\/li>\n<\/ul>\n<p><strong>Warum EuroCarry?<\/strong><\/p>\n<p>EuroCarry ist ein etablierter Hersteller von Caravanzubeh\u00f6r und steht f\u00fcr Qualit\u00e4t und Innovation. Mit dem schwenkbaren E-Bike Tr\u00e4ger bietet EuroCarry eine durchdachte L\u00f6sung f\u00fcr alle, die ihre E-Bikes sicher und komfortabel transportieren m\u00f6chten. Vertrauen Sie auf die Erfahrung und das Know-how von EuroCarry und genie\u00dfen Sie Ihre Reisen in vollen Z\u00fcgen.<\/p>\n","protected":false},"excerpt":{"rendered":"<p>Speziell entwickelt f\u00fcr die Modelle Fiat Ducato, Citroen Jumper und Peugeot Boxer, bietet dieser Fahrradtr\u00e4ger h\u00f6chste Funktionalit\u00e4t und Benutzerfreundlichkeit.<\/p>\n","protected":false},"featured_media":25856,"comment_status":"open","ping_status":"closed","template":"","meta":{"_acf_changed":false},"product_brand":[291],"product_cat":[353,380,256,352,354],"product_tag":[553],"class_list":{"0":"post-23906","1":"product","2":"type-product","3":"status-publish","4":"has-post-thumbnail","6":"product_brand-eurocarry","7":"product_cat-citroen-jumper","8":"product_cat-outlet","9":"product_cat-fahrradtraeger","10":"product_cat-fiat-ducato","11":"product_cat-peugeot-boxer","12":"product_tag-fiat-ducator-citroen-jumper-peugeot-boxer","13":"product_shipping_class-sperrgut","14":"pa_beladung-pedelecs-oder-e-bike-geeignet-max-2-stueck","15":"pa_eigengewicht-65-kg","16":"pa_lieferumfang-basistraeger-aus-stahl-aluminium-2-fahrradschienen-170-cm-lang-mit-je-2-radschalen-und-2-spanngurten-2-befestigungskrallen","17":"pa_max-zuladung-80-kg","19":"first","20":"instock","21":"sale","22":"taxable","23":"shipping-taxable","24":"purchasable","25":"product-type-simple"},"acf":[],"_links":{"self":[{"href":"https:\/\/eurocarry.de\/de_de\/wp-json\/wp\/v2\/product\/23906","targetHints":{"allow":["GET"]}}],"collection":[{"href":"https:\/\/eurocarry.de\/de_de\/wp-json\/wp\/v2\/product"}],"about":[{"href":"https:\/\/eurocarry.de\/de_de\/wp-json\/wp\/v2\/types\/product"}],"replies":[{"embeddable":true,"href":"https:\/\/eurocarry.de\/de_de\/wp-json\/wp\/v2\/comments?post=23906"}],"version-history":[{"count":0,"href":"https:\/\/eurocarry.de\/de_de\/wp-json\/wp\/v2\/product\/23906\/revisions"}],"wp:featuredmedia":[{"embeddable":true,"href":"https:\/\/eurocarry.de\/de_de\/wp-json\/wp\/v2\/media\/25856"}],"wp:attachment":[{"href":"https:\/\/eurocarry.de\/de_de\/wp-json\/wp\/v2\/media?parent=23906"}],"wp:term":[{"taxonomy":"product_brand","embeddable":true,"href":"https:\/\/eurocarry.de\/de_de\/wp-json\/wp\/v2\/product_brand?post=23906"},{"taxonomy":"product_cat","embeddable":true,"href":"https:\/\/eurocarry.de\/de_de\/wp-json\/wp\/v2\/product_cat?post=23906"},{"taxonomy":"product_tag","embeddable":true,"href":"https:\/\/eurocarry.de\/de_de\/wp-json\/wp\/v2\/product_tag?post=23906"}],"curies":[{"name":"wp","href":"https:\/\/api.w.org\/{rel}","templated":true}]}}