{"id":10,"date":"2024-05-06T17:53:35","date_gmt":"2024-05-06T15:53:35","guid":{"rendered":"https:\/\/eurocarry.de\/?page_id=10"},"modified":"2025-09-04T13:46:19","modified_gmt":"2025-09-04T11:46:19","slug":"refund_returns","status":"publish","type":"page","link":"https:\/\/eurocarry.de\/de_de\/refund_returns\/","title":{"rendered":"R\u00fcckgabe und Widerruf"},"content":{"rendered":"\n<h4 class=\"wp-block-heading\">R\u00fcckgabe- und Erstattungsrichtlinie<\/h4>\n\n\n\n<p>Unsere R\u00fcckgabe- und Erstattungsrichtlinie gilt f\u00fcr 14 Tage. Nach Ablauf dieser Frist von 14 Tagen k\u00f6nnen wir Ihnen keine volle R\u00fcckerstattung oder Umtausch mehr anbieten.<\/p>\n\n\n\n<p>Um f\u00fcr eine R\u00fcckgabe berechtigt zu sein, muss Ihr Artikel unbenutzt und in demselben Zustand sein, in dem Sie ihn erhalten haben. Er muss auch in der Originalverpackung sein.<\/p>\n\n\n\n<p>Um Ihre R\u00fcckgabe abzuschlie\u00dfen, ben\u00f6tigen wir einen Kaufbeleg oder einen Nachweis des Kaufs.<\/p>\n\n\n\n<p><strong>Es gibt bestimmte Situationen, in denen nur teilweise R\u00fcckerstattungen gew\u00e4hrt werden:<\/strong><\/p>\n\n\n\n<ul class=\"wp-block-list\">\n<li>Jeder Artikel, der nicht in seinem Originalzustand ist, besch\u00e4digt ist oder Teile fehlen, die nicht auf unseren Fehler zur\u00fcckzuf\u00fchren sind.<\/li>\n\n\n\n<li>Jeder Artikel, der mehr als 14 Tage nach Lieferung zur\u00fcckgegeben wird<\/li>\n<\/ul>\n\n\n\n<h4 class=\"wp-block-heading\">R\u00fcckerstattungen<\/h4>\n\n\n\n<p>Nachdem Ihre R\u00fccksendung eingegangen und \u00fcberpr\u00fcft wurde, senden wir Ihnen eine E-Mail, um Sie dar\u00fcber zu informieren, dass wir Ihren zur\u00fcckgesandten Artikel erhalten haben. Wir werden Sie auch \u00fcber die Genehmigung oder Ablehnung Ihrer R\u00fcckerstattung informieren.<\/p>\n\n\n\n<p>Wenn Sie genehmigt werden, wird Ihre R\u00fcckerstattung bearbeitet, und ein Guthaben wird automatisch auf Ihre Kreditkarte oder die urspr\u00fcngliche Zahlungsmethode angewendet, innerhalb einer bestimmten Anzahl von Tagen.<\/p>\n\n\n\n<h4 class=\"wp-block-heading\">Versp\u00e4tete oder fehlende R\u00fcckerstattungen<\/h4>\n\n\n\n<p>Wenn Sie noch keine R\u00fcckerstattung erhalten haben, \u00fcberpr\u00fcfen Sie bitte zun\u00e4chst erneut Ihr Bankkonto.<\/p>\n\n\n\n<p>Dann kontaktieren Sie Ihr Kreditkartenunternehmen, es dauert m\u00f6glicherweise einige Zeit, bis Ihre R\u00fcckerstattung offiziell verbucht wird.<\/p>\n\n\n\n<p>Kontaktieren Sie als n\u00e4chstes Ihre Bank. Es dauert oft einige Zeit, bis eine R\u00fcckerstattung verbucht wird.<\/p>\n\n\n\n<p>Wenn Sie all dies getan haben und immer noch keine R\u00fcckerstattung erhalten haben, kontaktieren Sie uns bitte unter {email address}.<\/p>\n\n\n\n<h4 class=\"wp-block-heading\">Aktionsartikel<\/h4>\n\n\n\n<p>Nur regul\u00e4r bepreiste Artikel k\u00f6nnen erstattet werden. Aktionsartikel k\u00f6nnen nicht erstattet werden.<\/p>\n\n\n\n<h4 class=\"wp-block-heading\">Umtausch<\/h4>\n\n\n\n<p>Wir ersetzen nur Artikel, wenn sie defekt oder besch\u00e4digt sind. Wenn Sie ihn gegen denselben Artikel umtauschen m\u00fcssen, senden Sie uns bitte eine E-Mail an {email address} und senden Sie Ihren Artikel an: {physical address}.<\/p>\n\n\n\n<h4 class=\"wp-block-heading\">R\u00fccksendung<\/h4>\n\n\n\n<p>Um Ihr Produkt zur\u00fcckzusenden, senden Sie bitte Ihr Produkt an: Alu-Line Metallverarbeitungsgesellschaft mbH, Martin-Staud-Stra\u00dfe 25 in 88348 Bad Saulgau.<\/p>\n\n\n\n<p>Sie sind f\u00fcr die Kosten Ihrer eigenen Versandkosten f\u00fcr die R\u00fccksendung Ihres Artikels verantwortlich. Versandkosten werden nicht erstattet. Wenn Sie eine R\u00fcckerstattung erhalten, werden die Kosten f\u00fcr den R\u00fcckversand von Ihrer R\u00fcckerstattung abgezogen.<\/p>\n\n\n\n<p>Je nachdem, wo Sie wohnen, kann es unterschiedlich lange dauern, bis Ihr umgetauschtes Produkt bei Ihnen ankommt.<\/p>\n\n\n\n<p>Wenn Sie teurere Artikel zur\u00fccksenden, k\u00f6nnen Sie in Betracht ziehen, einen nachverfolgbaren Versandservice zu verwenden oder Versandversicherung abzuschlie\u00dfen. Wir garantieren nicht, dass wir Ihren zur\u00fcckgesandten Artikel erhalten werden.<\/p>\n\n\n\n<h4 class=\"wp-block-heading\">Brauchen Sie Hilfe?<\/h4>\n\n\n\n<p>Kontaktieren Sie uns unter info@alu-line.de f\u00fcr Fragen im Zusammenhang mit R\u00fcckerstattungen und R\u00fccksendungen.<\/p>\n\n\n\n<p><\/p>\n","protected":false},"excerpt":{"rendered":"<p>R\u00fcckgabe- und Erstattungsrichtlinie Unsere R\u00fcckgabe- und Erstattungsrichtlinie gilt f\u00fcr 14 Tage. Nach Ablauf dieser Frist von 14 Tagen k\u00f6nnen wir Ihnen keine volle R\u00fcckerstattung oder Umtausch mehr anbieten. Um f\u00fcr eine R\u00fcckgabe berechtigt zu sein, muss Ihr Artikel unbenutzt und in demselben Zustand sein, in dem Sie ihn erhalten haben. Er muss auch in der Originalverpackung sein. Um Ihre R\u00fcckgabe abzuschlie\u00dfen, ben\u00f6tigen wir einen Kaufbeleg oder einen Nachweis des Kaufs. Es gibt bestimmte Situationen, in denen nur teilweise R\u00fcckerstattungen gew\u00e4hrt werden: R\u00fcckerstattungen Nachdem Ihre R\u00fccksendung eingegangen und \u00fcberpr\u00fcft wurde, senden wir Ihnen eine E-Mail, um Sie dar\u00fcber zu informieren, dass wir Ihren zur\u00fcckgesandten Artikel erhalten haben. Wir werden Sie auch \u00fcber die Genehmigung oder Ablehnung Ihrer R\u00fcckerstattung informieren. Wenn Sie genehmigt werden, wird Ihre R\u00fcckerstattung bearbeitet, und ein Guthaben wird automatisch auf Ihre Kreditkarte oder die urspr\u00fcngliche Zahlungsmethode angewendet, innerhalb einer bestimmten Anzahl von Tagen. Versp\u00e4tete oder fehlende R\u00fcckerstattungen Wenn Sie noch keine R\u00fcckerstattung erhalten haben, \u00fcberpr\u00fcfen Sie bitte zun\u00e4chst erneut Ihr Bankkonto. Dann kontaktieren Sie Ihr Kreditkartenunternehmen, es dauert m\u00f6glicherweise einige Zeit, bis Ihre R\u00fcckerstattung offiziell verbucht wird. Kontaktieren Sie als n\u00e4chstes Ihre Bank. Es dauert oft einige Zeit, bis eine R\u00fcckerstattung verbucht wird. Wenn Sie all dies getan haben und immer noch keine R\u00fcckerstattung erhalten haben, kontaktieren Sie uns bitte unter {email address}. Aktionsartikel Nur regul\u00e4r bepreiste Artikel k\u00f6nnen erstattet werden. Aktionsartikel k\u00f6nnen nicht erstattet werden. Umtausch Wir ersetzen nur Artikel, wenn sie defekt oder besch\u00e4digt sind. Wenn Sie ihn gegen denselben Artikel umtauschen m\u00fcssen, senden Sie uns bitte eine E-Mail an {email address} und senden Sie Ihren Artikel an: {physical address}. R\u00fccksendung Um Ihr Produkt zur\u00fcckzusenden, senden Sie bitte Ihr Produkt an: Alu-Line Metallverarbeitungsgesellschaft mbH, Martin-Staud-Stra\u00dfe 25 in 88348 Bad Saulgau. Sie sind f\u00fcr die Kosten Ihrer eigenen Versandkosten f\u00fcr die R\u00fccksendung Ihres Artikels verantwortlich. Versandkosten werden nicht erstattet. Wenn Sie eine R\u00fcckerstattung erhalten, werden die Kosten f\u00fcr den R\u00fcckversand von Ihrer R\u00fcckerstattung abgezogen. Je nachdem, wo Sie wohnen, kann es unterschiedlich lange dauern, bis Ihr umgetauschtes Produkt bei Ihnen ankommt. Wenn Sie teurere Artikel zur\u00fccksenden, k\u00f6nnen Sie in Betracht ziehen, einen nachverfolgbaren Versandservice zu verwenden oder Versandversicherung abzuschlie\u00dfen. Wir garantieren nicht, dass wir Ihren zur\u00fcckgesandten Artikel erhalten werden. Brauchen Sie Hilfe? Kontaktieren Sie uns unter info@alu-line.de f\u00fcr Fragen im Zusammenhang mit R\u00fcckerstattungen und R\u00fccksendungen.<\/p>\n","protected":false},"author":1,"featured_media":0,"parent":0,"menu_order":0,"comment_status":"closed","ping_status":"closed","template":"","meta":{"_acf_changed":false,"footnotes":""},"class_list":["post-10","page","type-page","status-publish","hentry","post-no-thumbnail"],"acf":[],"_links":{"self":[{"href":"https:\/\/eurocarry.de\/de_de\/wp-json\/wp\/v2\/pages\/10","targetHints":{"allow":["GET"]}}],"collection":[{"href":"https:\/\/eurocarry.de\/de_de\/wp-json\/wp\/v2\/pages"}],"about":[{"href":"https:\/\/eurocarry.de\/de_de\/wp-json\/wp\/v2\/types\/page"}],"author":[{"embeddable":true,"href":"https:\/\/eurocarry.de\/de_de\/wp-json\/wp\/v2\/users\/1"}],"replies":[{"embeddable":true,"href":"https:\/\/eurocarry.de\/de_de\/wp-json\/wp\/v2\/comments?post=10"}],"version-history":[{"count":0,"href":"https:\/\/eurocarry.de\/de_de\/wp-json\/wp\/v2\/pages\/10\/revisions"}],"wp:attachment":[{"href":"https:\/\/eurocarry.de\/de_de\/wp-json\/wp\/v2\/media?parent=10"}],"curies":[{"name":"wp","href":"https:\/\/api.w.org\/{rel}","templated":true}]}}